{"id":1095,"date":"2024-03-15T11:58:17","date_gmt":"2024-03-15T11:58:17","guid":{"rendered":"https:\/\/gym-fit.es\/shop\/"},"modified":"2025-10-28T16:48:56","modified_gmt":"2025-10-28T16:48:56","slug":"coworking","status":"publish","type":"page","link":"https:\/\/gym-fit.es\/de\/coworking\/","title":{"rendered":"Coworking"},"content":{"rendered":"<p>[et_pb_section fb_built=&#8220;1&#8243; _builder_version=&#8220;4.17.6&#8243; _module_preset=&#8220;default&#8220; background_image=&#8220;https:\/\/gym-fit.es\/wp-content\/uploads\/2023\/05\/header-gym-fit.png&#8220; custom_padding=&#8220;100px||100px||false|false&#8220; global_colors_info=&#8220;{}&#8220;][et_pb_row _builder_version=&#8220;4.27.4&#8243; _module_preset=&#8220;default&#8220; global_colors_info=&#8220;{}&#8220;][et_pb_column type=&#8220;4_4&#8243; _builder_version=&#8220;4.27.4&#8243; _module_preset=&#8220;default&#8220; global_colors_info=&#8220;{}&#8220;][et_pb_post_title meta=&#8220;off&#8220; featured_image=&#8220;off&#8220; _builder_version=&#8220;4.27.4&#8243; _module_preset=&#8220;default&#8220; title_font=&#8220;Oswald|700|||||||&#8220; title_text_align=&#8220;center&#8220; title_text_color=&#8220;#FFFFFF&#8220; title_font_size=&#8220;45px&#8220; title_letter_spacing=&#8220;2px&#8220; global_colors_info=&#8220;{}&#8220;][\/et_pb_post_title][\/et_pb_column][\/et_pb_row][\/et_pb_section][et_pb_section fb_built=&#8220;1&#8243; admin_label=&#8220;About&#8220; _builder_version=&#8220;4.17.6&#8243; background_color=&#8220;#FFFFFF&#8220; background_image=&#8220;https:\/\/gym-fit.es\/wp-content\/uploads\/2023\/05\/bg-gym-fit.png&#8220; custom_padding=&#8220;71px|0px|0px|0px|false|false&#8220; global_colors_info=&#8220;{}&#8220;][et_pb_row use_custom_gutter=&#8220;on&#8220; make_equal=&#8220;on&#8220; disabled_on=&#8220;on|on|on&#8220; module_class=&#8220;middle reverse&#8220; _builder_version=&#8220;4.27.4&#8243; disabled=&#8220;on&#8220; global_colors_info=&#8220;{}&#8220;][et_pb_column type=&#8220;4_4&#8243; _builder_version=&#8220;4.17.6&#8243; custom_padding=&#8220;||||false|false&#8220; custom_padding_tablet=&#8220;0vw||&#8220; custom_padding_phone=&#8220;0vw||&#8220; custom_padding_last_edited=&#8220;on|tablet&#8220; global_colors_info=&#8220;{}&#8220; padding_tablet=&#8220;0vw||&#8220; padding_last_edited=&#8220;on|tablet&#8220; custom_padding__hover=&#8220;|||&#8220; padding_phone=&#8220;0vw||&#8220;][et_pb_text admin_label=&#8220;Title&#8220; module_class=&#8220;iframe-size&#8220; _builder_version=&#8220;4.17.6&#8243; text_font=&#8220;||||||||&#8220; header_font=&#8220;||||||||&#8220; header_text_color=&#8220;#2e2e2e&#8220; header_2_font=&#8220;Oswald|700|on||||||&#8220; header_2_text_color=&#8220;#eb230b&#8220; header_2_font_size=&#8220;34px&#8220; header_2_letter_spacing=&#8220;0.1em&#8220; header_2_line_height=&#8220;1.3em&#8220; custom_margin=&#8220;|||30px&#8220; custom_margin_tablet=&#8220;|||0vw&#8220; custom_margin_phone=&#8220;||0px&#8220; custom_margin_last_edited=&#8220;on|phone&#8220; header_2_font_size_tablet=&#8220;&#8220; header_2_font_size_phone=&#8220;30px&#8220; header_2_font_size_last_edited=&#8220;on|phone&#8220; header_2_text_shadow_style=&#8220;preset3&#8243; header_2_text_shadow_blur_strength=&#8220;0.4em&#8220; header_2_text_shadow_color=&#8220;rgba(255,255,255,0.6)&#8220; locked=&#8220;off&#8220; global_colors_info=&#8220;{}&#8220; animation_style__hover=&#8220;none&#8220; animation_style__hover_enabled=&#8220;none&#8220; animation_repeat__hover=&#8220;once&#8220; animation_repeat__hover_enabled=&#8220;once&#8220; animation_direction__hover=&#8220;center&#8220; animation_direction__hover_enabled=&#8220;center&#8220; animation_duration__hover=&#8220;1000ms&#8220; animation_duration__hover_enabled=&#8220;1000ms&#8220; animation_delay__hover=&#8220;0ms&#8220; animation_delay__hover_enabled=&#8220;0ms&#8220; animation_intensity_slide__hover=&#8220;50%&#8220; animation_intensity_slide__hover_enabled=&#8220;50%&#8220; animation_intensity_zoom__hover=&#8220;50%&#8220; animation_intensity_zoom__hover_enabled=&#8220;50%&#8220; animation_intensity_flip__hover=&#8220;50%&#8220; animation_intensity_flip__hover_enabled=&#8220;50%&#8220; animation_intensity_fold__hover=&#8220;50%&#8220; animation_intensity_fold__hover_enabled=&#8220;50%&#8220; animation_intensity_roll__hover=&#8220;50%&#8220; animation_intensity_roll__hover_enabled=&#8220;50%&#8220; animation_starting_opacity__hover=&#8220;0%&#8220; animation_starting_opacity__hover_enabled=&#8220;0%&#8220; animation_speed_curve__hover=&#8220;ease-in-out&#8220; animation_speed_curve__hover_enabled=&#8220;ease-in-out&#8220;]<iframe loading=\"lazy\" width=\"1200\"  height=\"700\"  src=\"https:\/\/zencoline.virtuagym.com\/webshop\/?club=Ri9PQm9xNDhkNktiM3hXckd1cndwZz09&#038;embedded=1\"  scrolling=\"yes\"  iframeborder=\"0\"  style=\"border:none\" ><\/iframe>[\/et_pb_text][et_pb_divider color=&#8220;#eb230b&#8220; divider_weight=&#8220;4px&#8220; _builder_version=&#8220;4.17.6&#8243; max_width=&#8220;140px&#8220; module_alignment=&#8220;right&#8220; height=&#8220;4px&#8220; custom_margin=&#8220;||9px|&#8220; animation_style=&#8220;fade&#8220; locked=&#8220;off&#8220; global_colors_info=&#8220;{}&#8220;][\/et_pb_divider][\/et_pb_column][\/et_pb_row][et_pb_row column_structure=&#8220;1_2,1_2&#8243; make_equal=&#8220;on&#8220; module_class=&#8220;middle&#8220; _builder_version=&#8220;4.27.4&#8243; _module_preset=&#8220;default&#8220; global_colors_info=&#8220;{}&#8220;][et_pb_column type=&#8220;1_2&#8243; _builder_version=&#8220;4.27.4&#8243; _module_preset=&#8220;default&#8220; global_colors_info=&#8220;{}&#8220;][et_pb_text _builder_version=&#8220;4.27.4&#8243; _module_preset=&#8220;default&#8220; hover_enabled=&#8220;0&#8243; global_colors_info=&#8220;{}&#8220; sticky_enabled=&#8220;0&#8243;]<\/p>\n<h2><strong>Ein Coworking-Space, der genau zu Ihnen passt<\/strong><\/h2>\n<p>Wir bei Gym-Fit wissen, dass Ihr aktiver Lebensstil weit \u00fcber das Training hinausgeht.<\/p>\n<p>Deshalb bieten wir Ihnen einen modernen und komfortablen Coworking-Space direkt neben unserem Fitnessstudio.<\/p>\n<p>Egal, ob Sie zwischen den Trainingseinheiten noch etwas arbeiten, Ihre Kurse wiederholen oder einfach eine produktive Pause einlegen m\u00f6chten \u2013 dieser Raum ist wie geschaffen f\u00fcr Sie.<\/p>\n<p>Schnelles WLAN, gut erreichbare Steckdosen, bequeme Sitzgelegenheiten \u2026 alles ist darauf ausgelegt, Ihnen zu helfen, unter optimalen Bedingungen konzentriert zu bleiben. Schluss mit dem Rennen zwischen Fitnessstudio und Caf\u00e9: Alles ist direkt vor Ort.<\/p>\n<p>Bei Gym-Fit unterst\u00fctzen wir Sie in allen Aspekten Ihres Tages \u2013 beim Sport, bei der Arbeit und bei der Entspannung.<\/p>\n<p>Genie\u00dfen Sie einen Ort, der K\u00f6rper und Geist gleicherma\u00dfen\u00a0st\u00e4rkt.<\/p>\n<p>[\/et_pb_text][\/et_pb_column][et_pb_column type=&#8220;1_2&#8243; _builder_version=&#8220;4.27.4&#8243; _module_preset=&#8220;default&#8220; global_colors_info=&#8220;{}&#8220;][et_pb_gallery gallery_ids=&#8220;1557,1563,1569,1575&#8243; fullwidth=&#8220;on&#8220; module_class=&#8220;diapo-height&#8220; _builder_version=&#8220;4.27.4&#8243; _module_preset=&#8220;default&#8220; global_colors_info=&#8220;{}&#8220;][\/et_pb_gallery][\/et_pb_column][\/et_pb_row][et_pb_row _builder_version=&#8220;4.27.4&#8243; _module_preset=&#8220;default&#8220; global_colors_info=&#8220;{}&#8220;][et_pb_column type=&#8220;4_4&#8243; _builder_version=&#8220;4.27.4&#8243; _module_preset=&#8220;default&#8220; global_colors_info=&#8220;{}&#8220;][et_pb_text _builder_version=&#8220;4.27.4&#8243; _module_preset=&#8220;default&#8220; global_colors_info=&#8220;{}&#8220;][\/et_pb_text][\/et_pb_column][\/et_pb_row][\/et_pb_section]<\/p>\n","protected":false},"excerpt":{"rendered":"<p>Ein Coworking-Space, der genau zu Ihnen passt Wir bei Gym-Fit wissen, dass Ihr aktiver Lebensstil weit \u00fcber das Training hinausgeht. Deshalb bieten wir Ihnen einen modernen und komfortablen Coworking-Space direkt neben unserem Fitnessstudio. Egal, ob Sie zwischen den Trainingseinheiten noch etwas arbeiten, Ihre Kurse wiederholen oder einfach eine produktive Pause einlegen m\u00f6chten \u2013 dieser Raum [&hellip;]<\/p>\n","protected":false},"author":2,"featured_media":0,"parent":0,"menu_order":0,"comment_status":"closed","ping_status":"closed","template":"","meta":{"_et_pb_use_builder":"on","_et_pb_old_content":"","_et_gb_content_width":"","footnotes":""},"class_list":["post-1095","page","type-page","status-publish","hentry"],"aioseo_notices":[],"yoast_head":"<!-- This site is optimized with the Yoast SEO plugin v26.7 - https:\/\/yoast.com\/wordpress\/plugins\/seo\/ -->\n<title>Coworking - Gym-Fit<\/title>\n<meta name=\"robots\" content=\"index, follow, max-snippet:-1, max-image-preview:large, max-video-preview:-1\" \/>\n<link rel=\"canonical\" href=\"https:\/\/gym-fit.es\/de\/coworking\/\" \/>\n<meta property=\"og:locale\" content=\"de_DE\" \/>\n<meta property=\"og:type\" content=\"article\" \/>\n<meta property=\"og:title\" content=\"Coworking - Gym-Fit\" \/>\n<meta property=\"og:description\" content=\"Ein Coworking-Space, der genau zu Ihnen passt Wir bei Gym-Fit wissen, dass Ihr aktiver Lebensstil weit \u00fcber das Training hinausgeht. Deshalb bieten wir Ihnen einen modernen und komfortablen Coworking-Space direkt neben unserem Fitnessstudio. Egal, ob Sie zwischen den Trainingseinheiten noch etwas arbeiten, Ihre Kurse wiederholen oder einfach eine produktive Pause einlegen m\u00f6chten \u2013 dieser Raum [&hellip;]\" \/>\n<meta property=\"og:url\" content=\"https:\/\/gym-fit.es\/de\/coworking\/\" \/>\n<meta property=\"og:site_name\" content=\"Gym-Fit\" \/>\n<meta property=\"article:modified_time\" content=\"2025-10-28T16:48:56+00:00\" \/>\n<meta property=\"og:image\" content=\"https:\/\/gym-fit.es\/wp-content\/uploads\/2023\/06\/logo-gym-fit.png\" \/>\n\t<meta property=\"og:image:width\" content=\"591\" \/>\n\t<meta property=\"og:image:height\" content=\"591\" \/>\n\t<meta property=\"og:image:type\" content=\"image\/png\" \/>\n<meta name=\"twitter:card\" content=\"summary_large_image\" \/>\n<meta name=\"twitter:label1\" content=\"Gesch\u00e4tzte Lesezeit\" \/>\n\t<meta name=\"twitter:data1\" content=\"2\u00a0Minuten\" \/>\n<script type=\"application\/ld+json\" class=\"yoast-schema-graph\">{\"@context\":\"https:\/\/schema.org\",\"@graph\":[{\"@type\":\"WebPage\",\"@id\":\"https:\/\/gym-fit.es\/de\/coworking\/\",\"url\":\"https:\/\/gym-fit.es\/de\/coworking\/\",\"name\":\"Coworking - Gym-Fit\",\"isPartOf\":{\"@id\":\"https:\/\/gym-fit.es\/de\/#website\"},\"datePublished\":\"2024-03-15T11:58:17+00:00\",\"dateModified\":\"2025-10-28T16:48:56+00:00\",\"breadcrumb\":{\"@id\":\"https:\/\/gym-fit.es\/de\/coworking\/#breadcrumb\"},\"inLanguage\":\"de\",\"potentialAction\":[{\"@type\":\"ReadAction\",\"target\":[\"https:\/\/gym-fit.es\/de\/coworking\/\"]}]},{\"@type\":\"BreadcrumbList\",\"@id\":\"https:\/\/gym-fit.es\/de\/coworking\/#breadcrumb\",\"itemListElement\":[{\"@type\":\"ListItem\",\"position\":1,\"name\":\"Accueil\",\"item\":\"https:\/\/gym-fit.es\/de\/\"},{\"@type\":\"ListItem\",\"position\":2,\"name\":\"Coworking\"}]},{\"@type\":\"WebSite\",\"@id\":\"https:\/\/gym-fit.es\/de\/#website\",\"url\":\"https:\/\/gym-fit.es\/de\/\",\"name\":\"Gym-Fit\",\"description\":\"\",\"publisher\":{\"@id\":\"https:\/\/gym-fit.es\/de\/#organization\"},\"potentialAction\":[{\"@type\":\"SearchAction\",\"target\":{\"@type\":\"EntryPoint\",\"urlTemplate\":\"https:\/\/gym-fit.es\/de\/?s={search_term_string}\"},\"query-input\":{\"@type\":\"PropertyValueSpecification\",\"valueRequired\":true,\"valueName\":\"search_term_string\"}}],\"inLanguage\":\"de\"},{\"@type\":\"Organization\",\"@id\":\"https:\/\/gym-fit.es\/de\/#organization\",\"name\":\"Gym-Fit\",\"url\":\"https:\/\/gym-fit.es\/de\/\",\"logo\":{\"@type\":\"ImageObject\",\"inLanguage\":\"de\",\"@id\":\"https:\/\/gym-fit.es\/de\/#\/schema\/logo\/image\/\",\"url\":\"https:\/\/gym-fit.es\/wp-content\/uploads\/2023\/06\/logo-gym-fit.png\",\"contentUrl\":\"https:\/\/gym-fit.es\/wp-content\/uploads\/2023\/06\/logo-gym-fit.png\",\"width\":591,\"height\":591,\"caption\":\"Gym-Fit\"},\"image\":{\"@id\":\"https:\/\/gym-fit.es\/de\/#\/schema\/logo\/image\/\"}}]}<\/script>\n<!-- \/ Yoast SEO plugin. -->","yoast_head_json":{"title":"Coworking - Gym-Fit","robots":{"index":"index","follow":"follow","max-snippet":"max-snippet:-1","max-image-preview":"max-image-preview:large","max-video-preview":"max-video-preview:-1"},"canonical":"https:\/\/gym-fit.es\/de\/coworking\/","og_locale":"de_DE","og_type":"article","og_title":"Coworking - Gym-Fit","og_description":"Ein Coworking-Space, der genau zu Ihnen passt Wir bei Gym-Fit wissen, dass Ihr aktiver Lebensstil weit \u00fcber das Training hinausgeht. Deshalb bieten wir Ihnen einen modernen und komfortablen Coworking-Space direkt neben unserem Fitnessstudio. Egal, ob Sie zwischen den Trainingseinheiten noch etwas arbeiten, Ihre Kurse wiederholen oder einfach eine produktive Pause einlegen m\u00f6chten \u2013 dieser Raum [&hellip;]","og_url":"https:\/\/gym-fit.es\/de\/coworking\/","og_site_name":"Gym-Fit","article_modified_time":"2025-10-28T16:48:56+00:00","og_image":[{"width":591,"height":591,"url":"https:\/\/gym-fit.es\/wp-content\/uploads\/2023\/06\/logo-gym-fit.png","type":"image\/png"}],"twitter_card":"summary_large_image","twitter_misc":{"Gesch\u00e4tzte Lesezeit":"2\u00a0Minuten"},"schema":{"@context":"https:\/\/schema.org","@graph":[{"@type":"WebPage","@id":"https:\/\/gym-fit.es\/de\/coworking\/","url":"https:\/\/gym-fit.es\/de\/coworking\/","name":"Coworking - Gym-Fit","isPartOf":{"@id":"https:\/\/gym-fit.es\/de\/#website"},"datePublished":"2024-03-15T11:58:17+00:00","dateModified":"2025-10-28T16:48:56+00:00","breadcrumb":{"@id":"https:\/\/gym-fit.es\/de\/coworking\/#breadcrumb"},"inLanguage":"de","potentialAction":[{"@type":"ReadAction","target":["https:\/\/gym-fit.es\/de\/coworking\/"]}]},{"@type":"BreadcrumbList","@id":"https:\/\/gym-fit.es\/de\/coworking\/#breadcrumb","itemListElement":[{"@type":"ListItem","position":1,"name":"Accueil","item":"https:\/\/gym-fit.es\/de\/"},{"@type":"ListItem","position":2,"name":"Coworking"}]},{"@type":"WebSite","@id":"https:\/\/gym-fit.es\/de\/#website","url":"https:\/\/gym-fit.es\/de\/","name":"Gym-Fit","description":"","publisher":{"@id":"https:\/\/gym-fit.es\/de\/#organization"},"potentialAction":[{"@type":"SearchAction","target":{"@type":"EntryPoint","urlTemplate":"https:\/\/gym-fit.es\/de\/?s={search_term_string}"},"query-input":{"@type":"PropertyValueSpecification","valueRequired":true,"valueName":"search_term_string"}}],"inLanguage":"de"},{"@type":"Organization","@id":"https:\/\/gym-fit.es\/de\/#organization","name":"Gym-Fit","url":"https:\/\/gym-fit.es\/de\/","logo":{"@type":"ImageObject","inLanguage":"de","@id":"https:\/\/gym-fit.es\/de\/#\/schema\/logo\/image\/","url":"https:\/\/gym-fit.es\/wp-content\/uploads\/2023\/06\/logo-gym-fit.png","contentUrl":"https:\/\/gym-fit.es\/wp-content\/uploads\/2023\/06\/logo-gym-fit.png","width":591,"height":591,"caption":"Gym-Fit"},"image":{"@id":"https:\/\/gym-fit.es\/de\/#\/schema\/logo\/image\/"}}]}},"_links":{"self":[{"href":"https:\/\/gym-fit.es\/de\/wp-json\/wp\/v2\/pages\/1095","targetHints":{"allow":["GET"]}}],"collection":[{"href":"https:\/\/gym-fit.es\/de\/wp-json\/wp\/v2\/pages"}],"about":[{"href":"https:\/\/gym-fit.es\/de\/wp-json\/wp\/v2\/types\/page"}],"author":[{"embeddable":true,"href":"https:\/\/gym-fit.es\/de\/wp-json\/wp\/v2\/users\/2"}],"replies":[{"embeddable":true,"href":"https:\/\/gym-fit.es\/de\/wp-json\/wp\/v2\/comments?post=1095"}],"version-history":[{"count":9,"href":"https:\/\/gym-fit.es\/de\/wp-json\/wp\/v2\/pages\/1095\/revisions"}],"predecessor-version":[{"id":1787,"href":"https:\/\/gym-fit.es\/de\/wp-json\/wp\/v2\/pages\/1095\/revisions\/1787"}],"wp:attachment":[{"href":"https:\/\/gym-fit.es\/de\/wp-json\/wp\/v2\/media?parent=1095"}],"curies":[{"name":"wp","href":"https:\/\/api.w.org\/{rel}","templated":true}]}}