{"id":488,"date":"2023-05-04T17:52:45","date_gmt":"2023-05-04T17:52:45","guid":{"rendered":"https:\/\/gym-fit.server-prod.com\/politique-de-confidentialite\/"},"modified":"2023-08-29T16:07:21","modified_gmt":"2023-08-29T16:07:21","slug":"politique-de-confidentialite","status":"publish","type":"page","link":"https:\/\/gym-fit.es\/de\/politique-de-confidentialite\/","title":{"rendered":"Datenschutzrichtlinie"},"content":{"rendered":"<p>[et_pb_section fb_built=&#8220;1&#8243; _builder_version=&#8220;4.17.6&#8243; _module_preset=&#8220;default&#8220; background_image=&#8220;https:\/\/gym-fit.es\/wp-content\/uploads\/2023\/05\/header-gym-fit.png&#8220; custom_padding=&#8220;100px||100px||false|false&#8220; global_colors_info=&#8220;{}&#8220;][et_pb_row _builder_version=&#8220;4.17.6&#8243; _module_preset=&#8220;default&#8220; global_colors_info=&#8220;{}&#8220;][et_pb_column type=&#8220;4_4&#8243; _builder_version=&#8220;4.17.6&#8243; _module_preset=&#8220;default&#8220; global_colors_info=&#8220;{}&#8220;][et_pb_post_title meta=&#8220;off&#8220; featured_image=&#8220;off&#8220; _builder_version=&#8220;4.17.6&#8243; _module_preset=&#8220;default&#8220; title_font=&#8220;Oswald|700|||||||&#8220; title_text_align=&#8220;center&#8220; title_text_color=&#8220;#FFFFFF&#8220; title_font_size=&#8220;45px&#8220; title_letter_spacing=&#8220;2px&#8220; global_colors_info=&#8220;{}&#8220;][\/et_pb_post_title][\/et_pb_column][\/et_pb_row][\/et_pb_section][et_pb_section fb_built=&#8220;1&#8243; admin_label=&#8220;Call to Action&#8220; _builder_version=&#8220;4.17.6&#8243; _module_preset=&#8220;0ed5d617-fca5-4170-92de-31431b1ddfbe&#8220; custom_margin=&#8220;||0px||false|false&#8220; custom_padding=&#8220;||||false|false&#8220; global_colors_info=&#8220;{}&#8220;][et_pb_row _builder_version=&#8220;4.17.6&#8243; _module_preset=&#8220;default&#8220; custom_padding=&#8220;0px||||false|false&#8220; global_colors_info=&#8220;{}&#8220;][et_pb_column type=&#8220;4_4&#8243; _builder_version=&#8220;4.17.3&#8243; _module_preset=&#8220;default&#8220; global_colors_info=&#8220;{}&#8220;][et_pb_text _builder_version=&#8220;4.17.6&#8243; _module_preset=&#8220;default&#8220; text_font=&#8220;Inter||||||||&#8220; text_text_color=&#8220;#22434A&#8220; header_2_font=&#8220;Oswald||||||||&#8220; header_2_text_color=&#8220;#000000&#8243; header_2_font_size=&#8220;35px&#8220; header_2_letter_spacing=&#8220;2px&#8220; header_2_line_height=&#8220;1.8em&#8220; hover_enabled=&#8220;0&#8243; text_font_size_tablet=&#8220;16px&#8220; text_font_size_phone=&#8220;14px&#8220; text_font_size_last_edited=&#8220;on|tablet&#8220; header_font_size_tablet=&#8220;55px&#8220; header_font_size_last_edited=&#8220;off|desktop&#8220; header_2_font_size_tablet=&#8220;34px&#8220; header_2_font_size_phone=&#8220;24px&#8220; header_2_font_size_last_edited=&#8220;on|phone&#8220; locked=&#8220;off&#8220; global_colors_info=&#8220;{}&#8220; sticky_enabled=&#8220;0&#8243;]<\/p>\n<h2>A. Einf\u00fchrung<\/h2>\n<p>1. Die Privatsph\u00e4re der Besucher unserer Website ist uns sehr wichtig. Diese Richtlinie erl\u00e4utert, was wir mit Ihren pers\u00f6nlichen Daten tun.<br \/>2. Die Zustimmung zur Verwendung von Cookies gem\u00e4\u00df den Bedingungen dieser Richtlinie, wenn Sie unsere Website zum ersten Mal besuchen, erlaubt uns die Verwendung von Cookies jedes Mal, wenn Sie unsere Website besuchen.<\/p>\n<h2>B. Arten von gesammelten Daten?<\/h2>\n<p>Wenn Sie unsere Website besuchen, k\u00f6nnen die folgenden Daten erhoben, gespeichert und verwendet werden:<br \/>1. Informationen \u00fcber Ihren Computer, einschlie\u00dflich Ihrer IP-Adresse, Ihres geografischen Standorts, Ihrer Telefonnummer, des Typs und der Version Ihres Internetbrowsers und des verwendeten Betriebssystems.<br \/>2. Informationen \u00fcber die Anzahl der Besuche und Ihre Nutzung dieser Website, einschlie\u00dflich der verweisenden Quelle, der Dauer des Besuchs, der aufgerufenen Seiten und der Navigationspfade auf der Website.<br \/>3. Die Informationen, die Sie bei der Registrierung auf unserer Website eingeben, wie z. B. Ihre E-Mail-Adresse.<br \/>4. Die Informationen, die Sie eingeben, wenn Sie ein Kontaktformular ausf\u00fcllen, \u00fcber den Chat mit unseren Mitarbeitern kommunizieren, einen R\u00fcckruf anfordern oder einen Termin vereinbaren. (Informationen, die zur Durchf\u00fchrung der gew\u00fcnschten Interaktion erforderlich sind: Name, Vorname, Telefonnummer, E-Mail-Adresse, Geburtsdatum, Geschlecht, Einzelheiten zur Anfrage usw.).<br \/>5. Die Informationen, die Sie eingeben, um unsere E-Mails und\/oder Newsletter zu abonnieren.<br \/>6. Die Informationen, die Sie auf unserer Website mit der Absicht einstellen, sie im Internet zu ver\u00f6ffentlichen (Ver\u00f6ffentlichung von Kommentaren).<br \/>7. Alle anderen pers\u00f6nlichen Informationen, die Sie uns senden.<\/p>\n<h2>C. Verwendung pers\u00f6nlicher Daten<\/h2>\n<p>Pers\u00f6nliche Informationen, die uns \u00fcber unsere Website \u00fcbermittelt werden, werden zu den in dieser Richtlinie oder auf den entsprechenden Seiten der Website angegebenen Zwecken verwendet.<br \/>Wir k\u00f6nnen Ihre pers\u00f6nlichen Informationen f\u00fcr die folgenden Zwecke verwenden:<br \/>1. Verwaltung unserer Website und unseres Gesch\u00e4ftsbetriebs.<br \/>2. Personalisierung unserer Website f\u00fcr Sie.<br \/>3. Ihre Nutzung der auf unserer Website verf\u00fcgbaren Dienste zu erm\u00f6glichen.<br \/>4. Die \u00fcber unsere Website angeforderten Dienste bereitzustellen.<br \/>5. Um Ihnen Gesch\u00e4fts- und\/oder Marketingmitteilungen zu senden.<br \/>6. Ihnen E-Mail-Benachrichtigungen zu senden, die Sie ausdr\u00fccklich angefordert haben.<br \/>7. Indem wir Ihnen unseren E-Mail-Newsletter zusenden, wenn Sie sich daf\u00fcr angemeldet haben (Sie k\u00f6nnen ihn jederzeit abbestellen).<br \/>8. Bearbeitung von Anfragen und Beschwerden, die von Ihnen oder \u00fcber Sie in Bezug auf Folgendes vorgebracht werden: unsere Website.<br \/>9: Unsere Website sicher zu halten und Betrug zu verhindern.<br \/>10. \u00dcberpr\u00fcfung der Einhaltung der Bedingungen, die die Nutzung der Dienste auf unserer Website regeln.<br \/>11. Durchf\u00fchrung von Gewinnspielen.<br \/>12. Bearbeitung von Antr\u00e4gen auf Zugriffsrecht, Berichtigung, Widerspruch.<br \/>13. Sonstige Verwendung<br \/>Wir werden Ihre pers\u00f6nlichen Daten ohne Ihre ausdr\u00fcckliche Zustimmung nicht an Dritte f\u00fcr deren Direktmarketing oder das einer anderen dritten Partei weitergeben.<\/p>\n<h2>D. Offenlegung von pers\u00f6nlichen Informationen<\/h2>\n<p>Wir k\u00f6nnen Ihre pers\u00f6nlichen Daten unseren Mitarbeitern oder F\u00fchrungskr\u00e4ften, Versicherern, professionellen Beratern, Agenten, Lieferanten oder Subunternehmern in angemessener Weise offenlegen, wenn dies f\u00fcr die in dieser Richtlinie dargelegten Zwecke erforderlich ist.<br \/>Wir behalten uns jedoch das Recht vor, Ihre personenbezogenen Daten zu verwenden oder zu ver\u00f6ffentlichen, wenn dies gesetzlich vorgeschrieben ist, wenn es zur Wahrung der Integrit\u00e4t der Website erforderlich ist, um Ihrer Anfrage nachzukommen oder um an einem Gerichtsverfahren oder einer interessanten Angelegenheit der \u00f6ffentlichen Ordnung mitzuwirken.<br \/>Mit Ausnahme der in dieser Richtlinie festgelegten Bestimmungen werden wir Ihre pers\u00f6nlichen Daten nicht an Dritte weitergeben.<\/p>\n<h2>E. Verwendung von Cookies<\/h2>\n<p>1. Dauer der Speicherung von Cookies<br \/>Wir verwenden Cookies, um Ihnen die beste Erfahrung auf unserer Website zu gew\u00e4hrleisten.<br \/>Google Analytics: Diese Cookies sammeln anonyme Informationen dar\u00fcber, wie Sie als Besucher unsere Website nutzen. Ziel ist es, unsere Website zu verbessern und sie besser an die Bed\u00fcrfnisse der Besucher anzupassen. Wir sammeln keine personenbezogenen Daten. Dauer der Speicherung der Informationen: 38 Monate.<br \/>2. Zweck der Cookies<br \/>Cookies k\u00f6nnen zu statistischen Zwecken verwendet werden, insbesondere um die dem Nutzer erbrachten Dienstleistungen zu optimieren, ausgehend von der Verarbeitung von Informationen \u00fcber die H\u00e4ufigkeit des Zugriffs, die Personalisierung der Seiten sowie die durchgef\u00fchrten Operationen und die aufgerufenen Informationen.<br \/>Sie werden dar\u00fcber informiert, dass der Herausgeber dieser Website m\u00f6glicherweise Cookies auf Ihrem Endger\u00e4t ablegt. Das Cookie speichert Informationen \u00fcber die Navigation auf dem Dienst (die Seiten, die Sie aufgerufen haben, Datum und Uhrzeit des Aufrufs&#8230;), die wir bei Ihren sp\u00e4teren Besuchen lesen k\u00f6nnen.<br \/>3. Recht des Nutzers, Cookies abzulehnen.<br \/>Sie best\u00e4tigen, dass Sie dar\u00fcber informiert wurden, dass der Herausgeber dieser Website Cookies verwenden kann. Wenn Sie nicht m\u00f6chten, dass Cookies auf Ihrem Endger\u00e4t verwendet werden, k\u00f6nnen Sie bei den meisten Browsern \u00fcber die Einstellungsoptionen die Verwendung von Cookies deaktivieren.<\/p>\n<h2>F. Aufbewahrung von technischen Daten<\/h2>\n<p>1. Dauer der Speicherung technischer Daten<br \/>Die technischen Daten werden nur so lange aufbewahrt, wie es f\u00fcr die oben genannten Zwecke unbedingt erforderlich ist.<\/p>\n<h2>G. Fristen f\u00fcr die Speicherung personenbezogener Daten und die Anonymisierung<\/h2>\n<p>1. Aufbewahrung der Daten w\u00e4hrend der Dauer des Vertragsverh\u00e4ltnisses<br \/>Personenbezogene Daten, die Gegenstand einer Verarbeitung sind, werden nicht l\u00e4nger aufbewahrt, als es f\u00fcr die Erf\u00fcllung der bei Vertragsabschluss festgelegten Verpflichtungen oder f\u00fcr die im Voraus festgelegte Dauer des Vertragsverh\u00e4ltnisses erforderlich ist.<br \/>2. Aufbewahrung anonymisierter Daten \u00fcber das Vertragsverh\u00e4ltnis hinaus \/ nach der L\u00f6schung des Kundenkontos.<br \/>Wir bewahren personenbezogene Daten nur so lange auf, wie es f\u00fcr die in dieser Datenschutzrichtlinie beschriebenen Zwecke unbedingt erforderlich ist. Nach Ablauf dieses Zeitraums werden sie anonymisiert und ausschlie\u00dflich zu statistischen Zwecken aufbewahrt und nicht in irgendeiner Weise weiterverwendet.<br \/>3. L\u00f6schung von Daten nach L\u00f6schung des Kontos<br \/>Es werden Mittel zur Bereinigung von Daten eingesetzt, um deren effektive L\u00f6schung vorzusehen, sobald die f\u00fcr die Erf\u00fcllung der festgelegten oder vorgeschriebenen Zwecke erforderliche Aufbewahrungs- oder Archivierungsdauer erreicht ist. Sie haben au\u00dferdem ein Recht auf L\u00f6schung Ihrer Daten, das Sie jederzeit aus\u00fcben k\u00f6nnen, indem Sie sich mit dem Herausgeber dieser Website in Verbindung setzen.<\/p>\n<h2>H. \u00c4nderungen an dieser Datenschutzrichtlinie<\/h2>\n<p>Wir k\u00f6nnen diese Richtlinie von Zeit zu Zeit aktualisieren, indem wir eine neue Version auf unserer Website ver\u00f6ffentlichen.<\/p>\n<h2>I. Information des Nutzers im Falle einer Sicherheitsl\u00fccke<\/h2>\n<p>Wir verpflichten uns, alle geeigneten technischen und organisatorischen Ma\u00dfnahmen zu ergreifen, um ein Sicherheitsniveau zu gew\u00e4hrleisten, das den Risiken eines zuf\u00e4lligen, unbefugten oder illegalen Zugriffs, einer Offenlegung, einer \u00c4nderung, eines Verlusts oder einer Zerst\u00f6rung Ihrer personenbezogenen Daten angemessen ist. F\u00fcr den Fall, dass wir Kenntnis von einem illegalen Zugriff auf Ihre personenbezogenen Daten, die auf unseren Servern oder den Servern unserer Dienstleister gespeichert sind, oder von einem nicht autorisierten Zugriff erhalten, der zur Verwirklichung der oben genannten Risiken f\u00fchrt, verpflichten wir uns zu folgenden Ma\u00dfnahmen:<br \/>1. Sie so schnell wie m\u00f6glich \u00fcber den Vorfall zu informieren;<br \/>2. Die Ursachen des Vorfalls zu untersuchen und Sie dar\u00fcber zu informieren;<br \/>3. Die notwendigen und angemessenen Ma\u00dfnahmen ergreifen, um die negativen Auswirkungen und Sch\u00e4den, die sich aus dem Vorfall ergeben k\u00f6nnen, zu minimieren.<\/p>\n<h2>J. Beschr\u00e4nkung der Haftung<\/h2>\n<p>In keinem Fall d\u00fcrfen die in den oben genannten Punkten festgelegten Verpflichtungen zur Benachrichtigung im Falle von Sicherheitsverletzungen als Anerkennung eines Fehlers oder einer Verantwortung f\u00fcr das Auftreten des betreffenden Vorfalls angesehen werden.<\/p>\n<h2>K. Zugang und \u00dcbertragbarkeit von Daten<\/h2>\n<p>Sie k\u00f6nnen jederzeit Zugang zu Ihren personenbezogenen Daten verlangen, Sie haben auch das Recht auf Berichtigung, \u00c4nderung oder L\u00f6schung Ihrer Daten. Ihnen kann auch eine Kopie Ihrer Daten zur Verf\u00fcgung gestellt werden. Diese Daten m\u00fcssen in einem offenen und leicht wiederverwendbaren Format bereitgestellt werden.<\/p>\n<h2>L. Vorabinformationen vor der Fusion \/ \u00dcbernahme<\/h2>\n<p>F\u00fcr den Fall, dass wir an einer Fusion, einer \u00dcbernahme oder einer anderen Form der Ver\u00e4u\u00dferung von Verm\u00f6genswerten teilnehmen, verpflichten wir uns, die Vertraulichkeit Ihrer personenbezogenen Daten zu gew\u00e4hrleisten und Sie zu informieren, bevor diese \u00fcbertragen oder neuen Datenschutzbestimmungen unterworfen werden.<\/p>\n<h2>M. Beschwerde<\/h2>\n<p>Sie haben das Recht, bei der Datenschutzbeh\u00f6rde eine Beschwerde einzureichen. : <a href=\"https:\/\/www.autoriteprotectiondonnees.be\/citoyen\" target=\"_blank\" rel=\"noopener\">https:\/\/autoriteprotectiondonnees.be\/citoyen<\/a><\/p>\n<p>[\/et_pb_text][\/et_pb_column][\/et_pb_row][\/et_pb_section]<\/p>\n","protected":false},"excerpt":{"rendered":"<p>A. Einf\u00fchrung 1. Die Privatsph\u00e4re der Besucher unserer Website ist uns sehr wichtig. Diese Richtlinie erl\u00e4utert, was wir mit Ihren pers\u00f6nlichen Daten tun.2. Die Zustimmung zur Verwendung von Cookies gem\u00e4\u00df den Bedingungen dieser Richtlinie, wenn Sie unsere Website zum ersten Mal besuchen, erlaubt uns die Verwendung von Cookies jedes Mal, wenn Sie unsere Website besuchen. [&hellip;]<\/p>\n","protected":false},"author":2,"featured_media":0,"parent":0,"menu_order":0,"comment_status":"closed","ping_status":"closed","template":"","meta":{"_et_pb_use_builder":"on","_et_pb_old_content":"","_et_gb_content_width":"","footnotes":""},"class_list":["post-488","page","type-page","status-publish","hentry"],"aioseo_notices":[],"yoast_head":"<!-- This site is optimized with the Yoast SEO plugin v26.7 - https:\/\/yoast.com\/wordpress\/plugins\/seo\/ -->\n<title>Datenschutzrichtlinie - Gym-Fit<\/title>\n<meta name=\"robots\" content=\"index, follow, max-snippet:-1, max-image-preview:large, max-video-preview:-1\" \/>\n<link rel=\"canonical\" href=\"https:\/\/gym-fit.es\/de\/politique-de-confidentialite\/\" \/>\n<meta property=\"og:locale\" content=\"de_DE\" \/>\n<meta property=\"og:type\" content=\"article\" \/>\n<meta property=\"og:title\" content=\"Datenschutzrichtlinie - Gym-Fit\" \/>\n<meta property=\"og:description\" content=\"A. Einf\u00fchrung 1. Die Privatsph\u00e4re der Besucher unserer Website ist uns sehr wichtig. Diese Richtlinie erl\u00e4utert, was wir mit Ihren pers\u00f6nlichen Daten tun.2. Die Zustimmung zur Verwendung von Cookies gem\u00e4\u00df den Bedingungen dieser Richtlinie, wenn Sie unsere Website zum ersten Mal besuchen, erlaubt uns die Verwendung von Cookies jedes Mal, wenn Sie unsere Website besuchen. [&hellip;]\" \/>\n<meta property=\"og:url\" content=\"https:\/\/gym-fit.es\/de\/politique-de-confidentialite\/\" \/>\n<meta property=\"og:site_name\" content=\"Gym-Fit\" \/>\n<meta property=\"article:modified_time\" content=\"2023-08-29T16:07:21+00:00\" \/>\n<meta property=\"og:image\" content=\"https:\/\/gym-fit.es\/wp-content\/uploads\/2023\/06\/logo-gym-fit.png\" \/>\n\t<meta property=\"og:image:width\" content=\"591\" \/>\n\t<meta property=\"og:image:height\" content=\"591\" \/>\n\t<meta property=\"og:image:type\" content=\"image\/png\" \/>\n<meta name=\"twitter:card\" content=\"summary_large_image\" \/>\n<meta name=\"twitter:label1\" content=\"Gesch\u00e4tzte Lesezeit\" \/>\n\t<meta name=\"twitter:data1\" content=\"8\u00a0Minuten\" \/>\n<script type=\"application\/ld+json\" class=\"yoast-schema-graph\">{\"@context\":\"https:\/\/schema.org\",\"@graph\":[{\"@type\":\"WebPage\",\"@id\":\"https:\/\/gym-fit.es\/de\/politique-de-confidentialite\/\",\"url\":\"https:\/\/gym-fit.es\/de\/politique-de-confidentialite\/\",\"name\":\"Datenschutzrichtlinie - Gym-Fit\",\"isPartOf\":{\"@id\":\"https:\/\/gym-fit.es\/de\/#website\"},\"datePublished\":\"2023-05-04T17:52:45+00:00\",\"dateModified\":\"2023-08-29T16:07:21+00:00\",\"breadcrumb\":{\"@id\":\"https:\/\/gym-fit.es\/de\/politique-de-confidentialite\/#breadcrumb\"},\"inLanguage\":\"de\",\"potentialAction\":[{\"@type\":\"ReadAction\",\"target\":[\"https:\/\/gym-fit.es\/de\/politique-de-confidentialite\/\"]}]},{\"@type\":\"BreadcrumbList\",\"@id\":\"https:\/\/gym-fit.es\/de\/politique-de-confidentialite\/#breadcrumb\",\"itemListElement\":[{\"@type\":\"ListItem\",\"position\":1,\"name\":\"Accueil\",\"item\":\"https:\/\/gym-fit.es\/de\/\"},{\"@type\":\"ListItem\",\"position\":2,\"name\":\"Datenschutzrichtlinie\"}]},{\"@type\":\"WebSite\",\"@id\":\"https:\/\/gym-fit.es\/de\/#website\",\"url\":\"https:\/\/gym-fit.es\/de\/\",\"name\":\"Gym-Fit\",\"description\":\"\",\"publisher\":{\"@id\":\"https:\/\/gym-fit.es\/de\/#organization\"},\"potentialAction\":[{\"@type\":\"SearchAction\",\"target\":{\"@type\":\"EntryPoint\",\"urlTemplate\":\"https:\/\/gym-fit.es\/de\/?s={search_term_string}\"},\"query-input\":{\"@type\":\"PropertyValueSpecification\",\"valueRequired\":true,\"valueName\":\"search_term_string\"}}],\"inLanguage\":\"de\"},{\"@type\":\"Organization\",\"@id\":\"https:\/\/gym-fit.es\/de\/#organization\",\"name\":\"Gym-Fit\",\"url\":\"https:\/\/gym-fit.es\/de\/\",\"logo\":{\"@type\":\"ImageObject\",\"inLanguage\":\"de\",\"@id\":\"https:\/\/gym-fit.es\/de\/#\/schema\/logo\/image\/\",\"url\":\"https:\/\/gym-fit.es\/wp-content\/uploads\/2023\/06\/logo-gym-fit.png\",\"contentUrl\":\"https:\/\/gym-fit.es\/wp-content\/uploads\/2023\/06\/logo-gym-fit.png\",\"width\":591,\"height\":591,\"caption\":\"Gym-Fit\"},\"image\":{\"@id\":\"https:\/\/gym-fit.es\/de\/#\/schema\/logo\/image\/\"}}]}<\/script>\n<!-- \/ Yoast SEO plugin. -->","yoast_head_json":{"title":"Datenschutzrichtlinie - Gym-Fit","robots":{"index":"index","follow":"follow","max-snippet":"max-snippet:-1","max-image-preview":"max-image-preview:large","max-video-preview":"max-video-preview:-1"},"canonical":"https:\/\/gym-fit.es\/de\/politique-de-confidentialite\/","og_locale":"de_DE","og_type":"article","og_title":"Datenschutzrichtlinie - Gym-Fit","og_description":"A. Einf\u00fchrung 1. Die Privatsph\u00e4re der Besucher unserer Website ist uns sehr wichtig. Diese Richtlinie erl\u00e4utert, was wir mit Ihren pers\u00f6nlichen Daten tun.2. Die Zustimmung zur Verwendung von Cookies gem\u00e4\u00df den Bedingungen dieser Richtlinie, wenn Sie unsere Website zum ersten Mal besuchen, erlaubt uns die Verwendung von Cookies jedes Mal, wenn Sie unsere Website besuchen. [&hellip;]","og_url":"https:\/\/gym-fit.es\/de\/politique-de-confidentialite\/","og_site_name":"Gym-Fit","article_modified_time":"2023-08-29T16:07:21+00:00","og_image":[{"width":591,"height":591,"url":"https:\/\/gym-fit.es\/wp-content\/uploads\/2023\/06\/logo-gym-fit.png","type":"image\/png"}],"twitter_card":"summary_large_image","twitter_misc":{"Gesch\u00e4tzte Lesezeit":"8\u00a0Minuten"},"schema":{"@context":"https:\/\/schema.org","@graph":[{"@type":"WebPage","@id":"https:\/\/gym-fit.es\/de\/politique-de-confidentialite\/","url":"https:\/\/gym-fit.es\/de\/politique-de-confidentialite\/","name":"Datenschutzrichtlinie - Gym-Fit","isPartOf":{"@id":"https:\/\/gym-fit.es\/de\/#website"},"datePublished":"2023-05-04T17:52:45+00:00","dateModified":"2023-08-29T16:07:21+00:00","breadcrumb":{"@id":"https:\/\/gym-fit.es\/de\/politique-de-confidentialite\/#breadcrumb"},"inLanguage":"de","potentialAction":[{"@type":"ReadAction","target":["https:\/\/gym-fit.es\/de\/politique-de-confidentialite\/"]}]},{"@type":"BreadcrumbList","@id":"https:\/\/gym-fit.es\/de\/politique-de-confidentialite\/#breadcrumb","itemListElement":[{"@type":"ListItem","position":1,"name":"Accueil","item":"https:\/\/gym-fit.es\/de\/"},{"@type":"ListItem","position":2,"name":"Datenschutzrichtlinie"}]},{"@type":"WebSite","@id":"https:\/\/gym-fit.es\/de\/#website","url":"https:\/\/gym-fit.es\/de\/","name":"Gym-Fit","description":"","publisher":{"@id":"https:\/\/gym-fit.es\/de\/#organization"},"potentialAction":[{"@type":"SearchAction","target":{"@type":"EntryPoint","urlTemplate":"https:\/\/gym-fit.es\/de\/?s={search_term_string}"},"query-input":{"@type":"PropertyValueSpecification","valueRequired":true,"valueName":"search_term_string"}}],"inLanguage":"de"},{"@type":"Organization","@id":"https:\/\/gym-fit.es\/de\/#organization","name":"Gym-Fit","url":"https:\/\/gym-fit.es\/de\/","logo":{"@type":"ImageObject","inLanguage":"de","@id":"https:\/\/gym-fit.es\/de\/#\/schema\/logo\/image\/","url":"https:\/\/gym-fit.es\/wp-content\/uploads\/2023\/06\/logo-gym-fit.png","contentUrl":"https:\/\/gym-fit.es\/wp-content\/uploads\/2023\/06\/logo-gym-fit.png","width":591,"height":591,"caption":"Gym-Fit"},"image":{"@id":"https:\/\/gym-fit.es\/de\/#\/schema\/logo\/image\/"}}]}},"_links":{"self":[{"href":"https:\/\/gym-fit.es\/de\/wp-json\/wp\/v2\/pages\/488","targetHints":{"allow":["GET"]}}],"collection":[{"href":"https:\/\/gym-fit.es\/de\/wp-json\/wp\/v2\/pages"}],"about":[{"href":"https:\/\/gym-fit.es\/de\/wp-json\/wp\/v2\/types\/page"}],"author":[{"embeddable":true,"href":"https:\/\/gym-fit.es\/de\/wp-json\/wp\/v2\/users\/2"}],"replies":[{"embeddable":true,"href":"https:\/\/gym-fit.es\/de\/wp-json\/wp\/v2\/comments?post=488"}],"version-history":[{"count":2,"href":"https:\/\/gym-fit.es\/de\/wp-json\/wp\/v2\/pages\/488\/revisions"}],"predecessor-version":[{"id":647,"href":"https:\/\/gym-fit.es\/de\/wp-json\/wp\/v2\/pages\/488\/revisions\/647"}],"wp:attachment":[{"href":"https:\/\/gym-fit.es\/de\/wp-json\/wp\/v2\/media?parent=488"}],"curies":[{"name":"wp","href":"https:\/\/api.w.org\/{rel}","templated":true}]}}