{"id":490,"date":"2023-04-28T10:14:48","date_gmt":"2023-04-28T10:14:48","guid":{"rendered":"https:\/\/gym-fit.server-prod.com\/contact\/"},"modified":"2023-08-29T16:15:15","modified_gmt":"2023-08-29T16:15:15","slug":"contact","status":"publish","type":"page","link":"https:\/\/gym-fit.es\/de\/contact\/","title":{"rendered":"Kontakt"},"content":{"rendered":"<p>[et_pb_section fb_built=&#8220;1&#8243; _builder_version=&#8220;4.17.6&#8243; _module_preset=&#8220;default&#8220; background_image=&#8220;https:\/\/gym-fit.es\/wp-content\/uploads\/2023\/05\/header-gym-fit.png&#8220; custom_padding=&#8220;100px||100px||false|false&#8220; global_colors_info=&#8220;{}&#8220;][et_pb_row _builder_version=&#8220;4.17.6&#8243; _module_preset=&#8220;default&#8220; global_colors_info=&#8220;{}&#8220;][et_pb_column type=&#8220;4_4&#8243; _builder_version=&#8220;4.17.6&#8243; _module_preset=&#8220;default&#8220; global_colors_info=&#8220;{}&#8220;][et_pb_post_title meta=&#8220;off&#8220; featured_image=&#8220;off&#8220; _builder_version=&#8220;4.17.6&#8243; _module_preset=&#8220;default&#8220; title_font=&#8220;Oswald|700|||||||&#8220; title_text_align=&#8220;center&#8220; title_text_color=&#8220;#FFFFFF&#8220; title_font_size=&#8220;45px&#8220; title_letter_spacing=&#8220;2px&#8220; global_colors_info=&#8220;{}&#8220;][\/et_pb_post_title][\/et_pb_column][\/et_pb_row][\/et_pb_section][et_pb_section fb_built=&#8220;1&#8243; admin_label=&#8220;About&#8220; _builder_version=&#8220;4.17.6&#8243; background_color=&#8220;#FFFFFF&#8220; background_image=&#8220;https:\/\/gym-fit.es\/wp-content\/uploads\/2023\/05\/bg-gym-fit.png&#8220; custom_padding=&#8220;71px|0px|0px|0px|false|false&#8220; global_colors_info=&#8220;{}&#8220;][et_pb_row column_structure=&#8220;1_2,1_2&#8243; use_custom_gutter=&#8220;on&#8220; make_equal=&#8220;on&#8220; module_class=&#8220;reverse middle&#8220; _builder_version=&#8220;4.17.6&#8243; global_colors_info=&#8220;{}&#8220;][et_pb_column type=&#8220;1_2&#8243; _builder_version=&#8220;4.17.6&#8243; custom_padding=&#8220;||||false|false&#8220; custom_padding_tablet=&#8220;0vw||&#8220; custom_padding_phone=&#8220;0vw||&#8220; custom_padding_last_edited=&#8220;on|tablet&#8220; global_colors_info=&#8220;{}&#8220; padding_tablet=&#8220;0vw||&#8220; padding_last_edited=&#8220;on|tablet&#8220; custom_padding__hover=&#8220;|||&#8220; padding_phone=&#8220;0vw||&#8220;][et_pb_text admin_label=&#8220;Title&#8220; _builder_version=&#8220;4.17.6&#8243; text_font=&#8220;||||||||&#8220; ul_font=&#8220;||||||||&#8220; ol_font=&#8220;||||||||&#8220; header_font=&#8220;Oswald|300|||||||&#8220; header_font_size=&#8220;20px&#8220; header_letter_spacing=&#8220;4px&#8220; header_line_height=&#8220;1.5em&#8220; header_2_font=&#8220;||||||||&#8220; header_3_font=&#8220;Oswald||on|on|||||&#8220; header_3_font_size=&#8220;12px&#8220; header_3_letter_spacing=&#8220;7px&#8220; header_3_line_height=&#8220;1.6em&#8220; header_4_font=&#8220;||||||||&#8220; header_5_font=&#8220;||||||||&#8220; header_6_font=&#8220;||||||||&#8220; custom_margin=&#8220;||0px|40px&#8220; custom_margin_tablet=&#8220;&#8220; custom_margin_phone=&#8220;|||0px&#8220; custom_margin_last_edited=&#8220;on|phone&#8220; custom_padding=&#8220;|5vw||&#8220; custom_padding_tablet=&#8220;&#8220; custom_padding_phone=&#8220;|0vw||&#8220; custom_padding_last_edited=&#8220;on|phone&#8220; animation_style=&#8220;slide&#8220; animation_direction=&#8220;left&#8220; animation_intensity_slide=&#8220;10%&#8220; header_3_font_size_tablet=&#8220;4vw&#8220; header_3_font_size_last_edited=&#8220;off|desktop&#8220; locked=&#8220;off&#8220; global_colors_info=&#8220;{}&#8220; header_font_size__hover=&#8220;30px&#8220; header_font_size__hover_enabled=&#8220;30px&#8220; header_letter_spacing__hover=&#8220;0px&#8220; header_letter_spacing__hover_enabled=&#8220;0px&#8220; header_text_shadow_style__hover=&#8220;none&#8220; header_text_shadow_style__hover_enabled=&#8220;none&#8220; header_text_shadow_color__hover=&#8220;rgba(0,0,0,0.4)&#8220; header_text_shadow_color__hover_enabled=&#8220;rgba(0,0,0,0.4)&#8220;]<\/p>\n<h1><strong>Contact<\/strong><\/h1>\n<p>[\/et_pb_text][et_pb_divider color=&#8220;#2e2e2e&#8220; divider_weight=&#8220;2px&#8220; _builder_version=&#8220;4.17.6&#8243; max_width=&#8220;70px&#8220; module_alignment=&#8220;left&#8220; height=&#8220;2px&#8220; custom_margin=&#8220;||8px|&#8220; animation_style=&#8220;fade&#8220; locked=&#8220;off&#8220; global_colors_info=&#8220;{}&#8220;][\/et_pb_divider][et_pb_text admin_label=&#8220;Title&#8220; _builder_version=&#8220;4.17.6&#8243; text_font=&#8220;||||||||&#8220; header_font=&#8220;||||||||&#8220; header_text_color=&#8220;#2e2e2e&#8220; header_2_font=&#8220;Oswald|700|on||||||&#8220; header_2_text_color=&#8220;#eb230b&#8220; header_2_font_size=&#8220;34px&#8220; header_2_letter_spacing=&#8220;0.1em&#8220; header_2_line_height=&#8220;1.3em&#8220; header_3_font=&#8220;Oswald||||||||&#8220; header_3_font_size=&#8220;25px&#8220; header_3_letter_spacing=&#8220;2px&#8220; header_3_line_height=&#8220;1.2em&#8220; custom_margin=&#8220;|||30px&#8220; custom_margin_tablet=&#8220;|||0vw&#8220; custom_margin_phone=&#8220;||0px&#8220; custom_margin_last_edited=&#8220;on|phone&#8220; header_2_font_size_tablet=&#8220;&#8220; header_2_font_size_phone=&#8220;30px&#8220; header_2_font_size_last_edited=&#8220;on|phone&#8220; header_2_text_shadow_style=&#8220;preset3&#8243; header_2_text_shadow_blur_strength=&#8220;0.4em&#8220; header_2_text_shadow_color=&#8220;rgba(255,255,255,0.6)&#8220; locked=&#8220;off&#8220; global_colors_info=&#8220;{}&#8220; animation_style__hover=&#8220;none&#8220; animation_style__hover_enabled=&#8220;none&#8220; animation_repeat__hover=&#8220;once&#8220; animation_repeat__hover_enabled=&#8220;once&#8220; animation_direction__hover=&#8220;center&#8220; animation_direction__hover_enabled=&#8220;center&#8220; animation_duration__hover=&#8220;1000ms&#8220; animation_duration__hover_enabled=&#8220;1000ms&#8220; animation_delay__hover=&#8220;0ms&#8220; animation_delay__hover_enabled=&#8220;0ms&#8220; animation_intensity_slide__hover=&#8220;50%&#8220; animation_intensity_slide__hover_enabled=&#8220;50%&#8220; animation_intensity_zoom__hover=&#8220;50%&#8220; animation_intensity_zoom__hover_enabled=&#8220;50%&#8220; animation_intensity_flip__hover=&#8220;50%&#8220; animation_intensity_flip__hover_enabled=&#8220;50%&#8220; animation_intensity_fold__hover=&#8220;50%&#8220; animation_intensity_fold__hover_enabled=&#8220;50%&#8220; animation_intensity_roll__hover=&#8220;50%&#8220; animation_intensity_roll__hover_enabled=&#8220;50%&#8220; animation_starting_opacity__hover=&#8220;0%&#8220; animation_starting_opacity__hover_enabled=&#8220;0%&#8220; animation_speed_curve__hover=&#8220;ease-in-out&#8220; animation_speed_curve__hover_enabled=&#8220;ease-in-out&#8220;]<\/p>\n<h2><strong>Wenden Sie sich an Ihr Lieblings-Fitnessstudio<\/strong><\/h2>\n<h3><strong> Schreiben Sie an das Gym-Fit-Team<\/strong><\/h3>\n<p>F\u00fcr weitere Informationen zu unseren Ger\u00e4ten, \u00d6ffnungszeiten oder Anmeldeverfahren kontaktieren Sie uns bitte. Wir helfen Ihnen gerne weiter und beraten Sie schnellstm\u00f6glich.<\/p>\n<p>[\/et_pb_text][\/et_pb_column][et_pb_column type=&#8220;1_2&#8243; _builder_version=&#8220;4.17.6&#8243; custom_padding=&#8220;|||&#8220; global_colors_info=&#8220;{}&#8220; custom_padding__hover=&#8220;|||&#8220;][et_pb_image src=&#8220;https:\/\/gym-fit.es\/wp-content\/uploads\/2023\/05\/contact-gym-fit.png&#8220; title_text=&#8220;contact-gym-fit&#8220; align=&#8220;center&#8220; align_tablet=&#8220;center&#8220; align_phone=&#8220;center&#8220; align_last_edited=&#8220;on|desktop&#8220; _builder_version=&#8220;4.17.6&#8243; custom_padding=&#8220;||||false|false&#8220; custom_padding_tablet=&#8220;&#8220; custom_padding_phone=&#8220;|0px||&#8220; custom_padding_last_edited=&#8220;on|phone&#8220; border_radii=&#8220;off||13vw||&#8220; box_shadow_style=&#8220;preset3&#8243; box_shadow_vertical=&#8220;72px&#8220; box_shadow_blur=&#8220;130px&#8220; box_shadow_spread=&#8220;-32px&#8220; box_shadow_color=&#8220;rgba(149,173,193,0.55)&#8220; global_colors_info=&#8220;{}&#8220; box_shadow_blur__hover=&#8220;120px&#8220; box_shadow_color__hover=&#8220;rgba(149,173,193,0.29)&#8220;][\/et_pb_image][et_pb_divider color=&#8220;#eb230b&#8220; divider_weight=&#8220;4px&#8220; _builder_version=&#8220;4.17.6&#8243; max_width=&#8220;140px&#8220; module_alignment=&#8220;right&#8220; height=&#8220;4px&#8220; custom_margin=&#8220;||9px|&#8220; animation_style=&#8220;fade&#8220; locked=&#8220;off&#8220; global_colors_info=&#8220;{}&#8220;][\/et_pb_divider][\/et_pb_column][\/et_pb_row][\/et_pb_section][et_pb_section fb_built=&#8220;1&#8243; admin_label=&#8220;Contact&#8220; _builder_version=&#8220;4.17.6&#8243; _module_preset=&#8220;default&#8220; background_color=&#8220;#FFFFFF&#8220; collapsed=&#8220;on&#8220; global_colors_info=&#8220;{}&#8220;][et_pb_row column_structure=&#8220;1_2,1_2&#8243; _builder_version=&#8220;4.20.0&#8243; _module_preset=&#8220;default&#8220; global_colors_info=&#8220;{}&#8220;][et_pb_column type=&#8220;1_2&#8243; _builder_version=&#8220;4.20.0&#8243; _module_preset=&#8220;default&#8220; global_colors_info=&#8220;{}&#8220;][et_pb_code _builder_version=&#8220;4.17.6&#8243; _module_preset=&#8220;default&#8220; hover_enabled=&#8220;0&#8243; global_colors_info=&#8220;{}&#8220; sticky_enabled=&#8220;0&#8243;]<iframe src=\"https:\/\/mywebforce.webforce.be\/form\/963\" id=\"iframeForm\" style=\"width:100%;height: 700px;\" frameborder=\"0\"><\/iframe>[\/et_pb_code][\/et_pb_column][et_pb_column type=&#8220;1_2&#8243; _builder_version=&#8220;4.20.0&#8243; _module_preset=&#8220;default&#8220; global_colors_info=&#8220;{}&#8220;][et_pb_icon font_icon=&#8220;&#xe074;||divi||400&#8243; icon_color=&#8220;#000000&#8243; icon_width=&#8220;20px&#8220; align=&#8220;left&#8220; _builder_version=&#8220;4.17.6&#8243; _module_preset=&#8220;default&#8220; global_colors_info=&#8220;{}&#8220;][\/et_pb_icon][et_pb_text _builder_version=&#8220;4.17.6&#8243; _module_preset=&#8220;ba3ee6a4-0dde-44f9-a3ce-6be50cd29ee4&#8243; header_3_font=&#8220;Oswald|300|||||||&#8220; header_3_font_size=&#8220;20px&#8220; header_3_letter_spacing=&#8220;2px&#8220; custom_margin=&#8220;-17px||11px||false|false&#8220; global_colors_info=&#8220;{}&#8220;]<\/p>\n<h3><strong>Adresse<\/strong><\/h3>\n<p>[\/et_pb_text][et_pb_text _builder_version=&#8220;4.17.6&#8243; _module_preset=&#8220;ba3ee6a4-0dde-44f9-a3ce-6be50cd29ee4&#8243; header_3_font=&#8220;||||||||&#8220; header_3_font_size=&#8220;14px&#8220; custom_margin=&#8220;-9px||11px|||&#8220; locked=&#8220;off&#8220; global_colors_info=&#8220;{}&#8220;]<\/p>\n<h3>Avenida Da Jose Antonio Tavio 4,<\/h3>\n<h3>Santa Cruz De Tenerife 38006<\/h3>\n<p>[\/et_pb_text][et_pb_icon font_icon=&#8220;&#xf879;||fa||900&#8243; icon_color=&#8220;#000000&#8243; icon_width=&#8220;20px&#8220; align=&#8220;left&#8220; _builder_version=&#8220;4.17.6&#8243; _module_preset=&#8220;default&#8220; global_colors_info=&#8220;{}&#8220;][\/et_pb_icon][et_pb_text _builder_version=&#8220;4.17.6&#8243; _module_preset=&#8220;ba3ee6a4-0dde-44f9-a3ce-6be50cd29ee4&#8243; header_3_font=&#8220;Oswald|300|||||||&#8220; header_3_font_size=&#8220;20px&#8220; header_3_letter_spacing=&#8220;2px&#8220; custom_margin=&#8220;-17px||11px||false|false&#8220; global_colors_info=&#8220;{}&#8220;]<\/p>\n<h3><strong>Telefonnummer<\/strong><\/h3>\n<p>[\/et_pb_text][et_pb_text _builder_version=&#8220;4.17.6&#8243; _module_preset=&#8220;ba3ee6a4-0dde-44f9-a3ce-6be50cd29ee4&#8243; header_3_font=&#8220;|||on|||||&#8220; header_3_font_size=&#8220;14px&#8220; custom_margin=&#8220;-9px||7px|||&#8220; link_option_url=&#8220;tel:\t%91xyz-ihs snippet=%22calltrak%22%93&#8243; locked=&#8220;off&#8220; global_colors_info=&#8220;{}&#8220;][\/et_pb_text][et_pb_icon font_icon=&#8220;&#xe06b;||divi||400&#8243; icon_color=&#8220;#000000&#8243; icon_width=&#8220;20px&#8220; align=&#8220;left&#8220; _builder_version=&#8220;4.17.6&#8243; _module_preset=&#8220;default&#8220; global_colors_info=&#8220;{}&#8220;][\/et_pb_icon][et_pb_text _builder_version=&#8220;4.17.6&#8243; _module_preset=&#8220;ba3ee6a4-0dde-44f9-a3ce-6be50cd29ee4&#8243; header_3_font=&#8220;Oswald|300|||||||&#8220; header_3_font_size=&#8220;20px&#8220; header_3_letter_spacing=&#8220;2px&#8220; custom_margin=&#8220;-17px||11px||false|false&#8220; global_colors_info=&#8220;{}&#8220;]<\/p>\n<h3><strong>\u00d6ffnungszeiten<\/strong><\/h3>\n<p>[\/et_pb_text][et_pb_text _builder_version=&#8220;4.17.6&#8243; _module_preset=&#8220;ba3ee6a4-0dde-44f9-a3ce-6be50cd29ee4&#8243; text_font=&#8220;||||||||&#8220; header_3_font=&#8220;|||on|||||&#8220; header_3_font_size=&#8220;14px&#8220; custom_margin=&#8220;-9px||11px|||&#8220; locked=&#8220;off&#8220; global_colors_info=&#8220;{}&#8220;]Montag -Freitag : 6h30-22h30<br \/>\nSamstag : 8h -19h<br \/>\nSonntag : 9h -18h[\/et_pb_text][\/et_pb_column][\/et_pb_row][\/et_pb_section][et_pb_section fb_built=&#8220;1&#8243; fullwidth=&#8220;on&#8220; _builder_version=&#8220;4.17.6&#8243; _module_preset=&#8220;default&#8220; global_colors_info=&#8220;{}&#8220;][et_pb_fullwidth_code _builder_version=&#8220;4.17.6&#8243; _module_preset=&#8220;default&#8220; global_colors_info=&#8220;{}&#8220;]<iframe src=\"https:\/\/www.google.com\/maps\/embed?pb=!1m18!1m12!1m3!1d3522.433472555994!2d-16.651121512300886!3d28.0112242501794!2m3!1f0!2f0!3f0!3m2!1i1024!2i768!4f13.1!3m3!1m2!1s0xc6aa20952e2e50d%3A0x939dbf9a6879b13c!2sAv.%20Jose%20Antonio%20Tavio%2C%204%2C%2038630%20Costa%20del%20Silencio%2C%20Santa%20Cruz%20de%20Tenerife%2C%20Espagne!5e0!3m2!1sfr!2sus!4v1683221415465!5m2!1sfr!2sus\" width=\"100%\" height=\"450\" style=\"border:0;\" allowfullscreen=\"\" loading=\"lazy\" referrerpolicy=\"no-referrer-when-downgrade\"><\/iframe>[\/et_pb_fullwidth_code][\/et_pb_section]<\/p>\n","protected":false},"excerpt":{"rendered":"<p>ContactWenden Sie sich an Ihr Lieblings-Fitnessstudio Schreiben Sie an das Gym-Fit-Team F\u00fcr weitere Informationen zu unseren Ger\u00e4ten, \u00d6ffnungszeiten oder Anmeldeverfahren kontaktieren Sie uns bitte. Wir helfen Ihnen gerne weiter und beraten Sie schnellstm\u00f6glich.AdresseAvenida Da Jose Antonio Tavio 4, Santa Cruz De Tenerife 38006Telefonnummer\u00d6ffnungszeitenMontag -Freitag : 6h30-22h30 Samstag : 8h -19h Sonntag : 9h -18h<\/p>\n","protected":false},"author":2,"featured_media":0,"parent":0,"menu_order":0,"comment_status":"closed","ping_status":"closed","template":"","meta":{"_et_pb_use_builder":"on","_et_pb_old_content":"","_et_gb_content_width":"","footnotes":""},"class_list":["post-490","page","type-page","status-publish","hentry"],"aioseo_notices":[],"yoast_head":"<!-- This site is optimized with the Yoast SEO plugin v26.7 - https:\/\/yoast.com\/wordpress\/plugins\/seo\/ -->\n<title>Kontakt - Gym-Fit<\/title>\n<meta name=\"robots\" content=\"index, follow, max-snippet:-1, max-image-preview:large, max-video-preview:-1\" \/>\n<link rel=\"canonical\" href=\"https:\/\/gym-fit.es\/de\/contact\/\" \/>\n<meta property=\"og:locale\" content=\"de_DE\" \/>\n<meta property=\"og:type\" content=\"article\" \/>\n<meta property=\"og:title\" content=\"Kontakt - Gym-Fit\" \/>\n<meta property=\"og:description\" content=\"ContactWenden Sie sich an Ihr Lieblings-Fitnessstudio Schreiben Sie an das Gym-Fit-Team F\u00fcr weitere Informationen zu unseren Ger\u00e4ten, \u00d6ffnungszeiten oder Anmeldeverfahren kontaktieren Sie uns bitte. Wir helfen Ihnen gerne weiter und beraten Sie schnellstm\u00f6glich.AdresseAvenida Da Jose Antonio Tavio 4, Santa Cruz De Tenerife 38006Telefonnummer\u00d6ffnungszeitenMontag -Freitag : 6h30-22h30 Samstag : 8h -19h Sonntag : 9h -18h\" \/>\n<meta property=\"og:url\" content=\"https:\/\/gym-fit.es\/de\/contact\/\" \/>\n<meta property=\"og:site_name\" content=\"Gym-Fit\" \/>\n<meta property=\"article:modified_time\" content=\"2023-08-29T16:15:15+00:00\" \/>\n<meta property=\"og:image\" content=\"https:\/\/gym-fit.es\/wp-content\/uploads\/2023\/06\/logo-gym-fit.png\" \/>\n\t<meta property=\"og:image:width\" content=\"591\" \/>\n\t<meta property=\"og:image:height\" content=\"591\" \/>\n\t<meta property=\"og:image:type\" content=\"image\/png\" \/>\n<meta name=\"twitter:card\" content=\"summary_large_image\" \/>\n<meta name=\"twitter:label1\" content=\"Gesch\u00e4tzte Lesezeit\" \/>\n\t<meta name=\"twitter:data1\" content=\"6\u00a0Minuten\" \/>\n<script type=\"application\/ld+json\" class=\"yoast-schema-graph\">{\"@context\":\"https:\/\/schema.org\",\"@graph\":[{\"@type\":\"WebPage\",\"@id\":\"https:\/\/gym-fit.es\/de\/contact\/\",\"url\":\"https:\/\/gym-fit.es\/de\/contact\/\",\"name\":\"Kontakt - Gym-Fit\",\"isPartOf\":{\"@id\":\"https:\/\/gym-fit.es\/de\/#website\"},\"datePublished\":\"2023-04-28T10:14:48+00:00\",\"dateModified\":\"2023-08-29T16:15:15+00:00\",\"breadcrumb\":{\"@id\":\"https:\/\/gym-fit.es\/de\/contact\/#breadcrumb\"},\"inLanguage\":\"de\",\"potentialAction\":[{\"@type\":\"ReadAction\",\"target\":[\"https:\/\/gym-fit.es\/de\/contact\/\"]}]},{\"@type\":\"BreadcrumbList\",\"@id\":\"https:\/\/gym-fit.es\/de\/contact\/#breadcrumb\",\"itemListElement\":[{\"@type\":\"ListItem\",\"position\":1,\"name\":\"Accueil\",\"item\":\"https:\/\/gym-fit.es\/de\/\"},{\"@type\":\"ListItem\",\"position\":2,\"name\":\"Kontakt\"}]},{\"@type\":\"WebSite\",\"@id\":\"https:\/\/gym-fit.es\/de\/#website\",\"url\":\"https:\/\/gym-fit.es\/de\/\",\"name\":\"Gym-Fit\",\"description\":\"\",\"publisher\":{\"@id\":\"https:\/\/gym-fit.es\/de\/#organization\"},\"potentialAction\":[{\"@type\":\"SearchAction\",\"target\":{\"@type\":\"EntryPoint\",\"urlTemplate\":\"https:\/\/gym-fit.es\/de\/?s={search_term_string}\"},\"query-input\":{\"@type\":\"PropertyValueSpecification\",\"valueRequired\":true,\"valueName\":\"search_term_string\"}}],\"inLanguage\":\"de\"},{\"@type\":\"Organization\",\"@id\":\"https:\/\/gym-fit.es\/de\/#organization\",\"name\":\"Gym-Fit\",\"url\":\"https:\/\/gym-fit.es\/de\/\",\"logo\":{\"@type\":\"ImageObject\",\"inLanguage\":\"de\",\"@id\":\"https:\/\/gym-fit.es\/de\/#\/schema\/logo\/image\/\",\"url\":\"https:\/\/gym-fit.es\/wp-content\/uploads\/2023\/06\/logo-gym-fit.png\",\"contentUrl\":\"https:\/\/gym-fit.es\/wp-content\/uploads\/2023\/06\/logo-gym-fit.png\",\"width\":591,\"height\":591,\"caption\":\"Gym-Fit\"},\"image\":{\"@id\":\"https:\/\/gym-fit.es\/de\/#\/schema\/logo\/image\/\"}}]}<\/script>\n<!-- \/ Yoast SEO plugin. -->","yoast_head_json":{"title":"Kontakt - Gym-Fit","robots":{"index":"index","follow":"follow","max-snippet":"max-snippet:-1","max-image-preview":"max-image-preview:large","max-video-preview":"max-video-preview:-1"},"canonical":"https:\/\/gym-fit.es\/de\/contact\/","og_locale":"de_DE","og_type":"article","og_title":"Kontakt - Gym-Fit","og_description":"ContactWenden Sie sich an Ihr Lieblings-Fitnessstudio Schreiben Sie an das Gym-Fit-Team F\u00fcr weitere Informationen zu unseren Ger\u00e4ten, \u00d6ffnungszeiten oder Anmeldeverfahren kontaktieren Sie uns bitte. Wir helfen Ihnen gerne weiter und beraten Sie schnellstm\u00f6glich.AdresseAvenida Da Jose Antonio Tavio 4, Santa Cruz De Tenerife 38006Telefonnummer\u00d6ffnungszeitenMontag -Freitag : 6h30-22h30 Samstag : 8h -19h Sonntag : 9h -18h","og_url":"https:\/\/gym-fit.es\/de\/contact\/","og_site_name":"Gym-Fit","article_modified_time":"2023-08-29T16:15:15+00:00","og_image":[{"width":591,"height":591,"url":"https:\/\/gym-fit.es\/wp-content\/uploads\/2023\/06\/logo-gym-fit.png","type":"image\/png"}],"twitter_card":"summary_large_image","twitter_misc":{"Gesch\u00e4tzte Lesezeit":"6\u00a0Minuten"},"schema":{"@context":"https:\/\/schema.org","@graph":[{"@type":"WebPage","@id":"https:\/\/gym-fit.es\/de\/contact\/","url":"https:\/\/gym-fit.es\/de\/contact\/","name":"Kontakt - Gym-Fit","isPartOf":{"@id":"https:\/\/gym-fit.es\/de\/#website"},"datePublished":"2023-04-28T10:14:48+00:00","dateModified":"2023-08-29T16:15:15+00:00","breadcrumb":{"@id":"https:\/\/gym-fit.es\/de\/contact\/#breadcrumb"},"inLanguage":"de","potentialAction":[{"@type":"ReadAction","target":["https:\/\/gym-fit.es\/de\/contact\/"]}]},{"@type":"BreadcrumbList","@id":"https:\/\/gym-fit.es\/de\/contact\/#breadcrumb","itemListElement":[{"@type":"ListItem","position":1,"name":"Accueil","item":"https:\/\/gym-fit.es\/de\/"},{"@type":"ListItem","position":2,"name":"Kontakt"}]},{"@type":"WebSite","@id":"https:\/\/gym-fit.es\/de\/#website","url":"https:\/\/gym-fit.es\/de\/","name":"Gym-Fit","description":"","publisher":{"@id":"https:\/\/gym-fit.es\/de\/#organization"},"potentialAction":[{"@type":"SearchAction","target":{"@type":"EntryPoint","urlTemplate":"https:\/\/gym-fit.es\/de\/?s={search_term_string}"},"query-input":{"@type":"PropertyValueSpecification","valueRequired":true,"valueName":"search_term_string"}}],"inLanguage":"de"},{"@type":"Organization","@id":"https:\/\/gym-fit.es\/de\/#organization","name":"Gym-Fit","url":"https:\/\/gym-fit.es\/de\/","logo":{"@type":"ImageObject","inLanguage":"de","@id":"https:\/\/gym-fit.es\/de\/#\/schema\/logo\/image\/","url":"https:\/\/gym-fit.es\/wp-content\/uploads\/2023\/06\/logo-gym-fit.png","contentUrl":"https:\/\/gym-fit.es\/wp-content\/uploads\/2023\/06\/logo-gym-fit.png","width":591,"height":591,"caption":"Gym-Fit"},"image":{"@id":"https:\/\/gym-fit.es\/de\/#\/schema\/logo\/image\/"}}]}},"_links":{"self":[{"href":"https:\/\/gym-fit.es\/de\/wp-json\/wp\/v2\/pages\/490","targetHints":{"allow":["GET"]}}],"collection":[{"href":"https:\/\/gym-fit.es\/de\/wp-json\/wp\/v2\/pages"}],"about":[{"href":"https:\/\/gym-fit.es\/de\/wp-json\/wp\/v2\/types\/page"}],"author":[{"embeddable":true,"href":"https:\/\/gym-fit.es\/de\/wp-json\/wp\/v2\/users\/2"}],"replies":[{"embeddable":true,"href":"https:\/\/gym-fit.es\/de\/wp-json\/wp\/v2\/comments?post=490"}],"version-history":[{"count":4,"href":"https:\/\/gym-fit.es\/de\/wp-json\/wp\/v2\/pages\/490\/revisions"}],"predecessor-version":[{"id":648,"href":"https:\/\/gym-fit.es\/de\/wp-json\/wp\/v2\/pages\/490\/revisions\/648"}],"wp:attachment":[{"href":"https:\/\/gym-fit.es\/de\/wp-json\/wp\/v2\/media?parent=490"}],"curies":[{"name":"wp","href":"https:\/\/api.w.org\/{rel}","templated":true}]}}