{"id":759,"date":"2023-10-19T10:03:35","date_gmt":"2023-10-19T10:03:35","guid":{"rendered":"https:\/\/gym-fit.server-prod.com\/reglement-interieur\/"},"modified":"2023-10-26T08:47:11","modified_gmt":"2023-10-26T08:47:11","slug":"reglement-interieur","status":"publish","type":"page","link":"https:\/\/gym-fit.es\/de\/reglement-interieur\/","title":{"rendered":"Interne regeln"},"content":{"rendered":"<p>[et_pb_section fb_built=&#8220;1&#8243; _builder_version=&#8220;4.17.6&#8243; _module_preset=&#8220;default&#8220; background_image=&#8220;https:\/\/gym-fit.es\/wp-content\/uploads\/2023\/05\/header-gym-fit.png&#8220; custom_padding=&#8220;100px||100px||false|false&#8220; global_colors_info=&#8220;{}&#8220;][et_pb_row _builder_version=&#8220;4.17.6&#8243; _module_preset=&#8220;default&#8220; global_colors_info=&#8220;{}&#8220;][et_pb_column type=&#8220;4_4&#8243; _builder_version=&#8220;4.17.6&#8243; _module_preset=&#8220;default&#8220; global_colors_info=&#8220;{}&#8220;][et_pb_post_title meta=&#8220;off&#8220; featured_image=&#8220;off&#8220; _builder_version=&#8220;4.17.6&#8243; _module_preset=&#8220;default&#8220; title_font=&#8220;Oswald|700|||||||&#8220; title_text_align=&#8220;center&#8220; title_text_color=&#8220;#FFFFFF&#8220; title_font_size=&#8220;45px&#8220; title_letter_spacing=&#8220;2px&#8220; global_colors_info=&#8220;{}&#8220;][\/et_pb_post_title][\/et_pb_column][\/et_pb_row][\/et_pb_section][et_pb_section fb_built=&#8220;1&#8243; admin_label=&#8220;Call to Action&#8220; _builder_version=&#8220;4.17.6&#8243; _module_preset=&#8220;0ed5d617-fca5-4170-92de-31431b1ddfbe&#8220; custom_margin=&#8220;||0px||false|false&#8220; custom_padding=&#8220;||||false|false&#8220; global_colors_info=&#8220;{}&#8220;][et_pb_row _builder_version=&#8220;4.17.6&#8243; _module_preset=&#8220;default&#8220; custom_padding=&#8220;0px||||false|false&#8220; global_colors_info=&#8220;{}&#8220;][et_pb_column type=&#8220;4_4&#8243; _builder_version=&#8220;4.17.3&#8243; _module_preset=&#8220;default&#8220; global_colors_info=&#8220;{}&#8220;][et_pb_text _builder_version=&#8220;4.17.6&#8243; _module_preset=&#8220;default&#8220; text_font=&#8220;Inter||||||||&#8220; text_text_color=&#8220;#22434A&#8220; header_2_font=&#8220;Oswald||||||||&#8220; header_2_text_color=&#8220;#000000&#8243; header_2_font_size=&#8220;35px&#8220; header_2_letter_spacing=&#8220;2px&#8220; header_2_line_height=&#8220;1.8em&#8220; hover_enabled=&#8220;0&#8243; text_font_size_tablet=&#8220;16px&#8220; text_font_size_phone=&#8220;14px&#8220; text_font_size_last_edited=&#8220;on|tablet&#8220; header_font_size_tablet=&#8220;55px&#8220; header_font_size_last_edited=&#8220;off|desktop&#8220; header_2_font_size_tablet=&#8220;34px&#8220; header_2_font_size_phone=&#8220;24px&#8220; header_2_font_size_last_edited=&#8220;on|phone&#8220; locked=&#8220;off&#8220; global_colors_info=&#8220;{}&#8220; sticky_enabled=&#8220;0&#8243;]<\/p>\n<h2>Gemeinsam halten wir den club sauber und gesund<\/h2>\n<ul>\n<li>Das Tragen von (sauberen) Sportschuhen und geeigneter Sportkleidung ist verpflicht.<\/li>\n<li>Legen Sie Ihr Handtuch auf die Ger\u00e4te, die Sie benutzen und reinigen Sie die Ger\u00e4te anschlie\u00dfend mit den bereitgestellten Desinfektionsmitteln, um die Hygiene zu gew\u00e4hrleisten.<\/li>\n<li>Lebensmittel und nicht verschlie\u00dfbare Beh\u00e4lter sind in den Trainingsbereichen verboten.<\/li>\n<li>Es ist verboten, im Club zu rauchen, illegale Substanzen zu verwenden und\/oder zu verteilen.<\/li>\n<li>Tiere sind im Club nicht erlaubt, mit Ausnahme von Assistenzhunden.<\/li>\n<\/ul>\n<h2>Wir respektieren die privatsph\u00e4re und den seelenfrieden anderer menschen.<\/h2>\n<ul>\n<li>Die Nutzung von Mobilger\u00e4ten ist ein integraler Bestandteil unserer Gesellschaft. In den Trainingsbereichen ist es nicht erlaubt zu telefonieren, zu fotografieren oder zu filmen, was die Privatsph\u00e4re anderer verletzen k\u00f6nnte.<\/li>\n<li>Lassen Sie Ihre Ger\u00e4te nicht laut fallen, begrenzen Sie L\u00e4rm jeglicher Art und beschr\u00e4nken Sie Ihre Musik auf ein Minimum.<\/li>\n<li>Verbale und\/oder k\u00f6rperliche Gewalt wird im Club nicht geduldet.<\/li>\n<li>Gesten, Bel\u00e4stigungen und\/oder intime\/sexuelle Beziehungen werden im Club nicht geduldet.<\/li>\n<li>Lasst die Ausr\u00fcstung f\u00fcr andere zur Verf\u00fcgung, wenn ihr sie nicht aktiv benutzt.<\/li>\n<\/ul>\n<h2>Wir wollen einen sicheren club f\u00fcr alle<\/h2>\n<ul>\n<li>Beim Betreten des Clubs muss das Original der g\u00fcltigen Gym-Fit-Karte vorgelegt werden.<\/li>\n<li>Kinder unter 16 Jahren d\u00fcrfen den Club nicht betreten.<\/li>\n<li>Die Anweisungen des Personals von Gym-Fit m\u00fcssen beachtet und befolgt werden. Gym-Fit ist berechtigt, Personen, die gegen die Allgemeinen Gesch\u00e4ftsbedingungen und\/oder die Hausordnung versto\u00dfen, den Zugang zu dem\/den Club(s) vor\u00fcbergehend oder dauerhaft zu verweigern, wenn es daf\u00fcr einen angemessenen Grund hat.<\/li>\n<li>Vergewissern Sie sich, dass Sie wissen, wie Sie die Ger\u00e4te bedienen und die \u00dcbungen durchf\u00fchren m\u00fcssen. Respektieren Sie Ihre Grenzen und eventuell unter Artzlicher Aufsicht \u00dcbungen durchf\u00fcren. Sie sind f\u00fcr Ihr eigenes Wohlbefinden verantwortlich.<\/li>\n<li>Benutzen Sie ein Ger\u00e4t nur f\u00fcr den vorgesehenen Zweck und schalten Sie es nach der \u00dcbung aus oder legen Sie die Ger\u00e4te an den daf\u00fcr vorgesehenen Ort zur\u00fcck.<\/li>\n<li>Pers\u00f6nliche Gegenst\u00e4nde, die nicht f\u00fcr die Aus\u00fcbung des Sports ben\u00f6tigt werden, wie M\u00e4ntel, Taschen, Helme usw., d\u00fcrfen nicht mit in die Trainingsr\u00e4ume genommen werden, sondern m\u00fcssen in den Schliessf\u00e4chern aufbewahrt werden. Wir empfehlen Ihnen, keine Wertgegenst\u00e4nde mitzunehmen und die Schliessf\u00e4cher zu benutzen, um Ihre Sachen zu verstauen. Die Schlie\u00dff\u00e4cher werden jeden Tag geleert. Bez\u00fcglich der Haftung bei Sch\u00e4den oder Diebstahl verweisen wir auf die geltenden Allgemeinen Gesch\u00e4ftsbedingungen von Gym-Fit.<\/li>\n<li>Trocknen Sie sich nach dem Duschen im Nassbereich der Umkleidekabine ab, um St\u00fcrze und unn\u00f6tige Verschmutzungen in den Umkleidekabinen zu vermeiden. Aus hygienischen Gr\u00fcnden ist es nicht gestattet, sich in den Umkleidekabinen zu rasieren.<\/li>\n<li>Verkaufs- und\/oder Werbeaktivit\u00e4ten sowie pers\u00f6nliches Coaching sind ohne die vorherige schriftliche Zustimmung von Gym-Fit nicht gestattet.<\/li>\n<\/ul>\n<p>&nbsp;<\/p>\n<p>[\/et_pb_text][\/et_pb_column][\/et_pb_row][\/et_pb_section]<\/p>\n","protected":false},"excerpt":{"rendered":"<p>Gemeinsam halten wir den club sauber und gesund Das Tragen von (sauberen) Sportschuhen und geeigneter Sportkleidung ist verpflicht. Legen Sie Ihr Handtuch auf die Ger\u00e4te, die Sie benutzen und reinigen Sie die Ger\u00e4te anschlie\u00dfend mit den bereitgestellten Desinfektionsmitteln, um die Hygiene zu gew\u00e4hrleisten. Lebensmittel und nicht verschlie\u00dfbare Beh\u00e4lter sind in den Trainingsbereichen verboten. Es ist [&hellip;]<\/p>\n","protected":false},"author":2,"featured_media":0,"parent":0,"menu_order":0,"comment_status":"closed","ping_status":"closed","template":"","meta":{"_et_pb_use_builder":"on","_et_pb_old_content":"","_et_gb_content_width":"","footnotes":""},"class_list":["post-759","page","type-page","status-publish","hentry"],"aioseo_notices":[],"yoast_head":"<!-- This site is optimized with the Yoast SEO plugin v26.7 - https:\/\/yoast.com\/wordpress\/plugins\/seo\/ -->\n<title>Interne regeln - Gym-Fit<\/title>\n<meta name=\"robots\" content=\"index, follow, max-snippet:-1, max-image-preview:large, max-video-preview:-1\" \/>\n<link rel=\"canonical\" href=\"https:\/\/gym-fit.es\/de\/reglement-interieur\/\" \/>\n<meta property=\"og:locale\" content=\"de_DE\" \/>\n<meta property=\"og:type\" content=\"article\" \/>\n<meta property=\"og:title\" content=\"Interne regeln - Gym-Fit\" \/>\n<meta property=\"og:description\" content=\"Gemeinsam halten wir den club sauber und gesund Das Tragen von (sauberen) Sportschuhen und geeigneter Sportkleidung ist verpflicht. Legen Sie Ihr Handtuch auf die Ger\u00e4te, die Sie benutzen und reinigen Sie die Ger\u00e4te anschlie\u00dfend mit den bereitgestellten Desinfektionsmitteln, um die Hygiene zu gew\u00e4hrleisten. Lebensmittel und nicht verschlie\u00dfbare Beh\u00e4lter sind in den Trainingsbereichen verboten. Es ist [&hellip;]\" \/>\n<meta property=\"og:url\" content=\"https:\/\/gym-fit.es\/de\/reglement-interieur\/\" \/>\n<meta property=\"og:site_name\" content=\"Gym-Fit\" \/>\n<meta property=\"article:modified_time\" content=\"2023-10-26T08:47:11+00:00\" \/>\n<meta property=\"og:image\" content=\"https:\/\/gym-fit.es\/wp-content\/uploads\/2023\/06\/logo-gym-fit.png\" \/>\n\t<meta property=\"og:image:width\" content=\"591\" \/>\n\t<meta property=\"og:image:height\" content=\"591\" \/>\n\t<meta property=\"og:image:type\" content=\"image\/png\" \/>\n<meta name=\"twitter:card\" content=\"summary_large_image\" \/>\n<meta name=\"twitter:label1\" content=\"Gesch\u00e4tzte Lesezeit\" \/>\n\t<meta name=\"twitter:data1\" content=\"3\u00a0Minuten\" \/>\n<script type=\"application\/ld+json\" class=\"yoast-schema-graph\">{\"@context\":\"https:\/\/schema.org\",\"@graph\":[{\"@type\":\"WebPage\",\"@id\":\"https:\/\/gym-fit.es\/de\/reglement-interieur\/\",\"url\":\"https:\/\/gym-fit.es\/de\/reglement-interieur\/\",\"name\":\"Interne regeln - Gym-Fit\",\"isPartOf\":{\"@id\":\"https:\/\/gym-fit.es\/de\/#website\"},\"datePublished\":\"2023-10-19T10:03:35+00:00\",\"dateModified\":\"2023-10-26T08:47:11+00:00\",\"breadcrumb\":{\"@id\":\"https:\/\/gym-fit.es\/de\/reglement-interieur\/#breadcrumb\"},\"inLanguage\":\"de\",\"potentialAction\":[{\"@type\":\"ReadAction\",\"target\":[\"https:\/\/gym-fit.es\/de\/reglement-interieur\/\"]}]},{\"@type\":\"BreadcrumbList\",\"@id\":\"https:\/\/gym-fit.es\/de\/reglement-interieur\/#breadcrumb\",\"itemListElement\":[{\"@type\":\"ListItem\",\"position\":1,\"name\":\"Accueil\",\"item\":\"https:\/\/gym-fit.es\/de\/\"},{\"@type\":\"ListItem\",\"position\":2,\"name\":\"Interne regeln\"}]},{\"@type\":\"WebSite\",\"@id\":\"https:\/\/gym-fit.es\/de\/#website\",\"url\":\"https:\/\/gym-fit.es\/de\/\",\"name\":\"Gym-Fit\",\"description\":\"\",\"publisher\":{\"@id\":\"https:\/\/gym-fit.es\/de\/#organization\"},\"potentialAction\":[{\"@type\":\"SearchAction\",\"target\":{\"@type\":\"EntryPoint\",\"urlTemplate\":\"https:\/\/gym-fit.es\/de\/?s={search_term_string}\"},\"query-input\":{\"@type\":\"PropertyValueSpecification\",\"valueRequired\":true,\"valueName\":\"search_term_string\"}}],\"inLanguage\":\"de\"},{\"@type\":\"Organization\",\"@id\":\"https:\/\/gym-fit.es\/de\/#organization\",\"name\":\"Gym-Fit\",\"url\":\"https:\/\/gym-fit.es\/de\/\",\"logo\":{\"@type\":\"ImageObject\",\"inLanguage\":\"de\",\"@id\":\"https:\/\/gym-fit.es\/de\/#\/schema\/logo\/image\/\",\"url\":\"https:\/\/gym-fit.es\/wp-content\/uploads\/2023\/06\/logo-gym-fit.png\",\"contentUrl\":\"https:\/\/gym-fit.es\/wp-content\/uploads\/2023\/06\/logo-gym-fit.png\",\"width\":591,\"height\":591,\"caption\":\"Gym-Fit\"},\"image\":{\"@id\":\"https:\/\/gym-fit.es\/de\/#\/schema\/logo\/image\/\"}}]}<\/script>\n<!-- \/ Yoast SEO plugin. -->","yoast_head_json":{"title":"Interne regeln - Gym-Fit","robots":{"index":"index","follow":"follow","max-snippet":"max-snippet:-1","max-image-preview":"max-image-preview:large","max-video-preview":"max-video-preview:-1"},"canonical":"https:\/\/gym-fit.es\/de\/reglement-interieur\/","og_locale":"de_DE","og_type":"article","og_title":"Interne regeln - Gym-Fit","og_description":"Gemeinsam halten wir den club sauber und gesund Das Tragen von (sauberen) Sportschuhen und geeigneter Sportkleidung ist verpflicht. Legen Sie Ihr Handtuch auf die Ger\u00e4te, die Sie benutzen und reinigen Sie die Ger\u00e4te anschlie\u00dfend mit den bereitgestellten Desinfektionsmitteln, um die Hygiene zu gew\u00e4hrleisten. Lebensmittel und nicht verschlie\u00dfbare Beh\u00e4lter sind in den Trainingsbereichen verboten. Es ist [&hellip;]","og_url":"https:\/\/gym-fit.es\/de\/reglement-interieur\/","og_site_name":"Gym-Fit","article_modified_time":"2023-10-26T08:47:11+00:00","og_image":[{"width":591,"height":591,"url":"https:\/\/gym-fit.es\/wp-content\/uploads\/2023\/06\/logo-gym-fit.png","type":"image\/png"}],"twitter_card":"summary_large_image","twitter_misc":{"Gesch\u00e4tzte Lesezeit":"3\u00a0Minuten"},"schema":{"@context":"https:\/\/schema.org","@graph":[{"@type":"WebPage","@id":"https:\/\/gym-fit.es\/de\/reglement-interieur\/","url":"https:\/\/gym-fit.es\/de\/reglement-interieur\/","name":"Interne regeln - Gym-Fit","isPartOf":{"@id":"https:\/\/gym-fit.es\/de\/#website"},"datePublished":"2023-10-19T10:03:35+00:00","dateModified":"2023-10-26T08:47:11+00:00","breadcrumb":{"@id":"https:\/\/gym-fit.es\/de\/reglement-interieur\/#breadcrumb"},"inLanguage":"de","potentialAction":[{"@type":"ReadAction","target":["https:\/\/gym-fit.es\/de\/reglement-interieur\/"]}]},{"@type":"BreadcrumbList","@id":"https:\/\/gym-fit.es\/de\/reglement-interieur\/#breadcrumb","itemListElement":[{"@type":"ListItem","position":1,"name":"Accueil","item":"https:\/\/gym-fit.es\/de\/"},{"@type":"ListItem","position":2,"name":"Interne regeln"}]},{"@type":"WebSite","@id":"https:\/\/gym-fit.es\/de\/#website","url":"https:\/\/gym-fit.es\/de\/","name":"Gym-Fit","description":"","publisher":{"@id":"https:\/\/gym-fit.es\/de\/#organization"},"potentialAction":[{"@type":"SearchAction","target":{"@type":"EntryPoint","urlTemplate":"https:\/\/gym-fit.es\/de\/?s={search_term_string}"},"query-input":{"@type":"PropertyValueSpecification","valueRequired":true,"valueName":"search_term_string"}}],"inLanguage":"de"},{"@type":"Organization","@id":"https:\/\/gym-fit.es\/de\/#organization","name":"Gym-Fit","url":"https:\/\/gym-fit.es\/de\/","logo":{"@type":"ImageObject","inLanguage":"de","@id":"https:\/\/gym-fit.es\/de\/#\/schema\/logo\/image\/","url":"https:\/\/gym-fit.es\/wp-content\/uploads\/2023\/06\/logo-gym-fit.png","contentUrl":"https:\/\/gym-fit.es\/wp-content\/uploads\/2023\/06\/logo-gym-fit.png","width":591,"height":591,"caption":"Gym-Fit"},"image":{"@id":"https:\/\/gym-fit.es\/de\/#\/schema\/logo\/image\/"}}]}},"_links":{"self":[{"href":"https:\/\/gym-fit.es\/de\/wp-json\/wp\/v2\/pages\/759","targetHints":{"allow":["GET"]}}],"collection":[{"href":"https:\/\/gym-fit.es\/de\/wp-json\/wp\/v2\/pages"}],"about":[{"href":"https:\/\/gym-fit.es\/de\/wp-json\/wp\/v2\/types\/page"}],"author":[{"embeddable":true,"href":"https:\/\/gym-fit.es\/de\/wp-json\/wp\/v2\/users\/2"}],"replies":[{"embeddable":true,"href":"https:\/\/gym-fit.es\/de\/wp-json\/wp\/v2\/comments?post=759"}],"version-history":[{"count":2,"href":"https:\/\/gym-fit.es\/de\/wp-json\/wp\/v2\/pages\/759\/revisions"}],"predecessor-version":[{"id":772,"href":"https:\/\/gym-fit.es\/de\/wp-json\/wp\/v2\/pages\/759\/revisions\/772"}],"wp:attachment":[{"href":"https:\/\/gym-fit.es\/de\/wp-json\/wp\/v2\/media?parent=759"}],"curies":[{"name":"wp","href":"https:\/\/api.w.org\/{rel}","templated":true}]}}