{"id":20,"date":"2023-04-28T10:13:39","date_gmt":"2023-04-28T10:13:39","guid":{"rendered":"https:\/\/gym-fit.server-prod.com\/?page_id=20"},"modified":"2023-11-21T16:04:26","modified_gmt":"2023-11-21T16:04:26","slug":"nous-recrutons","status":"publish","type":"page","link":"https:\/\/gym-fit.es\/fr\/nous-recrutons\/","title":{"rendered":"Nous recrutons"},"content":{"rendered":"<p>[et_pb_section fb_built=\u00a0\u00bb1&Prime; _builder_version=\u00a0\u00bb4.17.6&Prime; _module_preset=\u00a0\u00bbdefault\u00a0\u00bb background_image=\u00a0\u00bbhttps:\/\/gym-fit.es\/wp-content\/uploads\/2023\/05\/header-gym-fit.png\u00a0\u00bb custom_padding=\u00a0\u00bb100px||100px||false|false\u00a0\u00bb global_colors_info=\u00a0\u00bb{}\u00a0\u00bb][et_pb_row _builder_version=\u00a0\u00bb4.17.6&Prime; _module_preset=\u00a0\u00bbdefault\u00a0\u00bb global_colors_info=\u00a0\u00bb{}\u00a0\u00bb][et_pb_column type=\u00a0\u00bb4_4&Prime; _builder_version=\u00a0\u00bb4.17.6&Prime; _module_preset=\u00a0\u00bbdefault\u00a0\u00bb global_colors_info=\u00a0\u00bb{}\u00a0\u00bb][et_pb_post_title meta=\u00a0\u00bboff\u00a0\u00bb featured_image=\u00a0\u00bboff\u00a0\u00bb _builder_version=\u00a0\u00bb4.17.6&Prime; _module_preset=\u00a0\u00bbdefault\u00a0\u00bb title_font=\u00a0\u00bbOswald|700|||||||\u00a0\u00bb title_text_align=\u00a0\u00bbcenter\u00a0\u00bb title_text_color=\u00a0\u00bb#FFFFFF\u00a0\u00bb title_font_size=\u00a0\u00bb45px\u00a0\u00bb title_letter_spacing=\u00a0\u00bb2px\u00a0\u00bb global_colors_info=\u00a0\u00bb{}\u00a0\u00bb][\/et_pb_post_title][\/et_pb_column][\/et_pb_row][\/et_pb_section][et_pb_section fb_built=\u00a0\u00bb1&Prime; admin_label=\u00a0\u00bbAbout\u00a0\u00bb _builder_version=\u00a0\u00bb4.17.6&Prime; background_color=\u00a0\u00bb#FFFFFF\u00a0\u00bb background_image=\u00a0\u00bbhttps:\/\/gym-fit.es\/wp-content\/uploads\/2023\/05\/bg-gym-fit.png\u00a0\u00bb custom_padding=\u00a0\u00bb71px|0px|0px|0px|false|false\u00a0\u00bb global_colors_info=\u00a0\u00bb{}\u00a0\u00bb][et_pb_row column_structure=\u00a0\u00bb1_2,1_2&Prime; use_custom_gutter=\u00a0\u00bbon\u00a0\u00bb make_equal=\u00a0\u00bbon\u00a0\u00bb module_class=\u00a0\u00bbmiddle reverse\u00a0\u00bb _builder_version=\u00a0\u00bb4.17.6&Prime; global_colors_info=\u00a0\u00bb{}\u00a0\u00bb][et_pb_column type=\u00a0\u00bb1_2&Prime; _builder_version=\u00a0\u00bb4.17.6&Prime; custom_padding=\u00a0\u00bb||||false|false\u00a0\u00bb custom_padding_tablet=\u00a0\u00bb0vw||\u00a0\u00bb custom_padding_phone=\u00a0\u00bb0vw||\u00a0\u00bb custom_padding_last_edited=\u00a0\u00bbon|tablet\u00a0\u00bb global_colors_info=\u00a0\u00bb{}\u00a0\u00bb padding_tablet=\u00a0\u00bb0vw||\u00a0\u00bb padding_last_edited=\u00a0\u00bbon|tablet\u00a0\u00bb custom_padding__hover=\u00a0\u00bb|||\u00a0\u00bb padding_phone=\u00a0\u00bb0vw||\u00a0\u00bb][et_pb_text admin_label=\u00a0\u00bbTitle\u00a0\u00bb _builder_version=\u00a0\u00bb4.17.6&Prime; text_font=\u00a0\u00bb||||||||\u00a0\u00bb ul_font=\u00a0\u00bb||||||||\u00a0\u00bb ol_font=\u00a0\u00bb||||||||\u00a0\u00bb header_font=\u00a0\u00bbOswald|300|||||||\u00a0\u00bb header_font_size=\u00a0\u00bb20px\u00a0\u00bb header_letter_spacing=\u00a0\u00bb4px\u00a0\u00bb header_line_height=\u00a0\u00bb1.5em\u00a0\u00bb header_2_font=\u00a0\u00bb||||||||\u00a0\u00bb header_3_font=\u00a0\u00bbOswald||on|on|||||\u00a0\u00bb header_3_font_size=\u00a0\u00bb12px\u00a0\u00bb header_3_letter_spacing=\u00a0\u00bb7px\u00a0\u00bb header_3_line_height=\u00a0\u00bb1.6em\u00a0\u00bb header_4_font=\u00a0\u00bb||||||||\u00a0\u00bb header_5_font=\u00a0\u00bb||||||||\u00a0\u00bb header_6_font=\u00a0\u00bb||||||||\u00a0\u00bb custom_margin=\u00a0\u00bb||0px|40px\u00a0\u00bb custom_margin_tablet=\u00a0\u00bb\u00a0\u00bb custom_margin_phone=\u00a0\u00bb|||0px\u00a0\u00bb custom_margin_last_edited=\u00a0\u00bbon|phone\u00a0\u00bb custom_padding=\u00a0\u00bb|5vw||\u00a0\u00bb custom_padding_tablet=\u00a0\u00bb\u00a0\u00bb custom_padding_phone=\u00a0\u00bb|0vw||\u00a0\u00bb custom_padding_last_edited=\u00a0\u00bbon|phone\u00a0\u00bb animation_style=\u00a0\u00bbslide\u00a0\u00bb animation_direction=\u00a0\u00bbleft\u00a0\u00bb animation_intensity_slide=\u00a0\u00bb10%\u00a0\u00bb header_3_font_size_tablet=\u00a0\u00bb4vw\u00a0\u00bb header_3_font_size_last_edited=\u00a0\u00bboff|desktop\u00a0\u00bb locked=\u00a0\u00bboff\u00a0\u00bb global_colors_info=\u00a0\u00bb{}\u00a0\u00bb header_font_size__hover=\u00a0\u00bb30px\u00a0\u00bb header_font_size__hover_enabled=\u00a0\u00bb30px\u00a0\u00bb header_letter_spacing__hover=\u00a0\u00bb0px\u00a0\u00bb header_letter_spacing__hover_enabled=\u00a0\u00bb0px\u00a0\u00bb header_text_shadow_style__hover=\u00a0\u00bbnone\u00a0\u00bb header_text_shadow_style__hover_enabled=\u00a0\u00bbnone\u00a0\u00bb header_text_shadow_color__hover=\u00a0\u00bbrgba(0,0,0,0.4)\u00a0\u00bb header_text_shadow_color__hover_enabled=\u00a0\u00bbrgba(0,0,0,0.4)\u00a0\u00bb]<\/p>\n<h1><strong>Acc\u00e8de \u00e0 l\u2019emploi de tes r\u00eaves<\/strong><\/h1>\n<p>[\/et_pb_text][et_pb_divider color=\u00a0\u00bb#2e2e2e\u00a0\u00bb divider_weight=\u00a0\u00bb2px\u00a0\u00bb _builder_version=\u00a0\u00bb4.17.6&Prime; max_width=\u00a0\u00bb70px\u00a0\u00bb module_alignment=\u00a0\u00bbleft\u00a0\u00bb height=\u00a0\u00bb2px\u00a0\u00bb custom_margin=\u00a0\u00bb||8px|\u00a0\u00bb animation_style=\u00a0\u00bbfade\u00a0\u00bb locked=\u00a0\u00bboff\u00a0\u00bb global_colors_info=\u00a0\u00bb{}\u00a0\u00bb][\/et_pb_divider][et_pb_text admin_label=\u00a0\u00bbTitle\u00a0\u00bb _builder_version=\u00a0\u00bb4.17.6&Prime; text_font=\u00a0\u00bb||||||||\u00a0\u00bb header_font=\u00a0\u00bb||||||||\u00a0\u00bb header_text_color=\u00a0\u00bb#2e2e2e\u00a0\u00bb header_2_font=\u00a0\u00bbOswald|700|on||||||\u00a0\u00bb header_2_text_color=\u00a0\u00bb#eb230b\u00a0\u00bb header_2_font_size=\u00a0\u00bb34px\u00a0\u00bb header_2_letter_spacing=\u00a0\u00bb0.1em\u00a0\u00bb header_2_line_height=\u00a0\u00bb1.3em\u00a0\u00bb custom_margin=\u00a0\u00bb|||30px\u00a0\u00bb custom_margin_tablet=\u00a0\u00bb|||0vw\u00a0\u00bb custom_margin_phone=\u00a0\u00bb||0px\u00a0\u00bb custom_margin_last_edited=\u00a0\u00bbon|phone\u00a0\u00bb header_2_font_size_tablet=\u00a0\u00bb\u00a0\u00bb header_2_font_size_phone=\u00a0\u00bb30px\u00a0\u00bb header_2_font_size_last_edited=\u00a0\u00bbon|phone\u00a0\u00bb header_2_text_shadow_style=\u00a0\u00bbpreset3&Prime; header_2_text_shadow_blur_strength=\u00a0\u00bb0.4em\u00a0\u00bb header_2_text_shadow_color=\u00a0\u00bbrgba(255,255,255,0.6)\u00a0\u00bb locked=\u00a0\u00bboff\u00a0\u00bb global_colors_info=\u00a0\u00bb{}\u00a0\u00bb animation_style__hover=\u00a0\u00bbnone\u00a0\u00bb animation_style__hover_enabled=\u00a0\u00bbnone\u00a0\u00bb animation_repeat__hover=\u00a0\u00bbonce\u00a0\u00bb animation_repeat__hover_enabled=\u00a0\u00bbonce\u00a0\u00bb animation_direction__hover=\u00a0\u00bbcenter\u00a0\u00bb animation_direction__hover_enabled=\u00a0\u00bbcenter\u00a0\u00bb animation_duration__hover=\u00a0\u00bb1000ms\u00a0\u00bb animation_duration__hover_enabled=\u00a0\u00bb1000ms\u00a0\u00bb animation_delay__hover=\u00a0\u00bb0ms\u00a0\u00bb animation_delay__hover_enabled=\u00a0\u00bb0ms\u00a0\u00bb animation_intensity_slide__hover=\u00a0\u00bb50%\u00a0\u00bb animation_intensity_slide__hover_enabled=\u00a0\u00bb50%\u00a0\u00bb animation_intensity_zoom__hover=\u00a0\u00bb50%\u00a0\u00bb animation_intensity_zoom__hover_enabled=\u00a0\u00bb50%\u00a0\u00bb animation_intensity_flip__hover=\u00a0\u00bb50%\u00a0\u00bb animation_intensity_flip__hover_enabled=\u00a0\u00bb50%\u00a0\u00bb animation_intensity_fold__hover=\u00a0\u00bb50%\u00a0\u00bb animation_intensity_fold__hover_enabled=\u00a0\u00bb50%\u00a0\u00bb animation_intensity_roll__hover=\u00a0\u00bb50%\u00a0\u00bb animation_intensity_roll__hover_enabled=\u00a0\u00bb50%\u00a0\u00bb animation_starting_opacity__hover=\u00a0\u00bb0%\u00a0\u00bb animation_starting_opacity__hover_enabled=\u00a0\u00bb0%\u00a0\u00bb animation_speed_curve__hover=\u00a0\u00bbease-in-out\u00a0\u00bb animation_speed_curve__hover_enabled=\u00a0\u00bbease-in-out\u00a0\u00bb]<\/p>\n<h2><strong>Rejoins l\u2019\u00e9quipe Gym-Fit !<\/strong><\/h2>\n<p style=\"text-align: justify;\">Tu es <strong>passionn\u00e9 de fitness<\/strong> ? Tu cherches \u00e0 rejoindre<strong> une entreprise dynamique et motivante<\/strong> ? Gym-Fit est <strong>l\u2019endroit id\u00e9al pour toi<\/strong> !<\/p>\n<p style=\"text-align: justify;\">Nous sommes constamment \u00e0 la recherche de <strong>personnes talentueuses<\/strong> ! Rejoins notre \u00e9quipe et <strong>aide nos membres<\/strong> \u00e0 atteindre leurs objectifs de remise en forme.<\/p>\n<p style=\"text-align: justify;\">Chez Gym-Fit, nous valorisons <strong>l\u2019esprit d\u2019\u00e9quipe, la cr\u00e9ativit\u00e9 et l\u2019engagement envers notre communaut\u00e9 de membres<\/strong>. Si tu corresponds \u00e0 cette description, contacte-nous via le formulaire pour discuter des opportunit\u00e9s de carri\u00e8re chez Gym-Fit !<\/p>\n<p>[\/et_pb_text][\/et_pb_column][et_pb_column type=\u00a0\u00bb1_2&Prime; _builder_version=\u00a0\u00bb4.17.6&Prime; custom_padding=\u00a0\u00bb|||\u00a0\u00bb global_colors_info=\u00a0\u00bb{}\u00a0\u00bb custom_padding__hover=\u00a0\u00bb|||\u00a0\u00bb][et_pb_image src=\u00a0\u00bbhttps:\/\/gym-fit.es\/wp-content\/uploads\/2023\/05\/equipe-Gym-gym-fit.png\u00a0\u00bb title_text=\u00a0\u00bbequipe-Gym-gym-fit\u00a0\u00bb align=\u00a0\u00bbcenter\u00a0\u00bb align_tablet=\u00a0\u00bbcenter\u00a0\u00bb align_phone=\u00a0\u00bbcenter\u00a0\u00bb align_last_edited=\u00a0\u00bbon|desktop\u00a0\u00bb _builder_version=\u00a0\u00bb4.17.6&Prime; custom_padding=\u00a0\u00bb||||false|false\u00a0\u00bb custom_padding_tablet=\u00a0\u00bb\u00a0\u00bb custom_padding_phone=\u00a0\u00bb|0px||\u00a0\u00bb custom_padding_last_edited=\u00a0\u00bbon|phone\u00a0\u00bb border_radii=\u00a0\u00bboff||14vw||\u00a0\u00bb box_shadow_style=\u00a0\u00bbpreset3&Prime; box_shadow_vertical=\u00a0\u00bb72px\u00a0\u00bb box_shadow_blur=\u00a0\u00bb130px\u00a0\u00bb box_shadow_spread=\u00a0\u00bb-32px\u00a0\u00bb box_shadow_color=\u00a0\u00bbrgba(149,173,193,0.55)\u00a0\u00bb global_colors_info=\u00a0\u00bb{}\u00a0\u00bb box_shadow_blur__hover=\u00a0\u00bb120px\u00a0\u00bb box_shadow_color__hover=\u00a0\u00bbrgba(149,173,193,0.29)\u00a0\u00bb][\/et_pb_image][et_pb_divider color=\u00a0\u00bb#eb230b\u00a0\u00bb divider_weight=\u00a0\u00bb4px\u00a0\u00bb _builder_version=\u00a0\u00bb4.17.6&Prime; max_width=\u00a0\u00bb140px\u00a0\u00bb module_alignment=\u00a0\u00bbright\u00a0\u00bb height=\u00a0\u00bb4px\u00a0\u00bb custom_margin=\u00a0\u00bb||9px|\u00a0\u00bb animation_style=\u00a0\u00bbfade\u00a0\u00bb locked=\u00a0\u00bboff\u00a0\u00bb global_colors_info=\u00a0\u00bb{}\u00a0\u00bb][\/et_pb_divider][\/et_pb_column][\/et_pb_row][\/et_pb_section][et_pb_section fb_built=\u00a0\u00bb1&Prime; _builder_version=\u00a0\u00bb4.17.6&Prime; _module_preset=\u00a0\u00bbdefault\u00a0\u00bb custom_padding=\u00a0\u00bb16px|||||\u00a0\u00bb global_colors_info=\u00a0\u00bb{}\u00a0\u00bb][et_pb_row column_structure=\u00a0\u00bb1_2,1_2&Prime; use_custom_gutter=\u00a0\u00bbon\u00a0\u00bb make_equal=\u00a0\u00bbon\u00a0\u00bb module_class=\u00a0\u00bbmiddle\u00a0\u00bb _builder_version=\u00a0\u00bb4.17.6&Prime; _module_preset=\u00a0\u00bbdefault\u00a0\u00bb global_colors_info=\u00a0\u00bb{}\u00a0\u00bb][et_pb_column type=\u00a0\u00bb1_2&Prime; _builder_version=\u00a0\u00bb4.17.6&Prime; _module_preset=\u00a0\u00bbdefault\u00a0\u00bb global_colors_info=\u00a0\u00bb{}\u00a0\u00bb][et_pb_image src=\u00a0\u00bbhttps:\/\/gym-fit.es\/wp-content\/uploads\/2023\/05\/coach-sportif-independant-gym-fit.png\u00a0\u00bb title_text=\u00a0\u00bbcoach-sportif-independant-gym-fit\u00a0\u00bb align=\u00a0\u00bbcenter\u00a0\u00bb align_tablet=\u00a0\u00bbcenter\u00a0\u00bb align_phone=\u00a0\u00bbcenter\u00a0\u00bb align_last_edited=\u00a0\u00bbon|desktop\u00a0\u00bb _builder_version=\u00a0\u00bb4.17.6&Prime; custom_padding=\u00a0\u00bb||||false|false\u00a0\u00bb custom_padding_tablet=\u00a0\u00bb\u00a0\u00bb custom_padding_phone=\u00a0\u00bb|0px||\u00a0\u00bb custom_padding_last_edited=\u00a0\u00bbon|phone\u00a0\u00bb border_radii=\u00a0\u00bboff||14vw||\u00a0\u00bb box_shadow_style=\u00a0\u00bbpreset3&Prime; box_shadow_vertical=\u00a0\u00bb72px\u00a0\u00bb box_shadow_blur=\u00a0\u00bb130px\u00a0\u00bb box_shadow_spread=\u00a0\u00bb-32px\u00a0\u00bb box_shadow_color=\u00a0\u00bbrgba(149,173,193,0.55)\u00a0\u00bb global_colors_info=\u00a0\u00bb{}\u00a0\u00bb box_shadow_blur__hover=\u00a0\u00bb120px\u00a0\u00bb box_shadow_color__hover=\u00a0\u00bbrgba(149,173,193,0.29)\u00a0\u00bb][\/et_pb_image][et_pb_divider color=\u00a0\u00bb#eb230b\u00a0\u00bb divider_weight=\u00a0\u00bb4px\u00a0\u00bb _builder_version=\u00a0\u00bb4.17.6&Prime; max_width=\u00a0\u00bb140px\u00a0\u00bb module_alignment=\u00a0\u00bbright\u00a0\u00bb height=\u00a0\u00bb4px\u00a0\u00bb custom_margin=\u00a0\u00bb||9px|\u00a0\u00bb animation_style=\u00a0\u00bbfade\u00a0\u00bb locked=\u00a0\u00bboff\u00a0\u00bb global_colors_info=\u00a0\u00bb{}\u00a0\u00bb][\/et_pb_divider][\/et_pb_column][et_pb_column type=\u00a0\u00bb1_2&Prime; _builder_version=\u00a0\u00bb4.17.6&Prime; _module_preset=\u00a0\u00bbdefault\u00a0\u00bb global_colors_info=\u00a0\u00bb{}\u00a0\u00bb][et_pb_text _builder_version=\u00a0\u00bb4.17.6&Prime; _module_preset=\u00a0\u00bbdefault\u00a0\u00bb header_2_font=\u00a0\u00bbOswald||||||||\u00a0\u00bb header_2_text_color=\u00a0\u00bb#eb230b\u00a0\u00bb header_2_font_size=\u00a0\u00bb34px\u00a0\u00bb header_2_letter_spacing=\u00a0\u00bb2px\u00a0\u00bb header_2_line_height=\u00a0\u00bb1.3em\u00a0\u00bb global_colors_info=\u00a0\u00bb{}\u00a0\u00bb]<\/p>\n<h2><strong>Propose tes services en ind\u00e9pendant<\/strong><\/h2>\n<p style=\"text-align: justify;\">Si tu es un <strong>coach sportif ind\u00e9pendant<\/strong>, un <strong>kin\u00e9sith\u00e9rapeute sportif<\/strong> ou encore un <strong>ost\u00e9opathe<\/strong>, Gym-Fit est l\u2019endroit id\u00e9al pour toi !<\/p>\n<p style=\"text-align: justify;\">Ainsi, en rejoignant notre \u00e9quipe, tu auras <strong>acc\u00e8s \u00e0 des installations de pointe<\/strong> et \u00e0 une <strong>communaut\u00e9 de membres passionn\u00e9s<\/strong> ! Tu pourras les <strong>aider \u00e0 am\u00e9liorer<\/strong> leur condition physique et leur bien-\u00eatre.<\/p>\n<p style=\"text-align: justify;\">En tant que<strong> prestataire de services ind\u00e9pendant<\/strong>, tu auras la<strong> libert\u00e9 de cr\u00e9er ton propre emploi du temps<\/strong> ! Ainsi tu pourras <strong>travailler \u00e0 ton rythme<\/strong> tout en <strong>b\u00e9n\u00e9ficiant du soutien et de l\u2019expertise de notre \u00e9quipe<\/strong>.<\/p>\n<p style=\"text-align: justify;\">Si cette opportunit\u00e9 t\u2019int\u00e9resse, n\u2019h\u00e9site pas \u00e0 nous contacter pour discuter de la fa\u00e7on dont nous pouvons <strong>travailler ensemble afin d\u2019atteindre nos objectifs communs<\/strong>.<\/p>\n<p>[\/et_pb_text][\/et_pb_column][\/et_pb_row][\/et_pb_section]<\/p>\n","protected":false},"excerpt":{"rendered":"<p>Acc\u00e8de \u00e0 l\u2019emploi de tes r\u00eavesRejoins l\u2019\u00e9quipe Gym-Fit ! Tu es passionn\u00e9 de fitness ? Tu cherches \u00e0 rejoindre une entreprise dynamique et motivante ? Gym-Fit est l\u2019endroit id\u00e9al pour toi ! Nous sommes constamment \u00e0 la recherche de personnes talentueuses ! Rejoins notre \u00e9quipe et aide nos membres \u00e0 atteindre leurs objectifs de remise [&hellip;]<\/p>\n","protected":false},"author":2,"featured_media":0,"parent":0,"menu_order":0,"comment_status":"closed","ping_status":"closed","template":"","meta":{"_et_pb_use_builder":"on","_et_pb_old_content":"<!-- wp:divi\/placeholder \/-->","_et_gb_content_width":"","footnotes":""},"class_list":["post-20","page","type-page","status-publish","hentry"],"aioseo_notices":[],"yoast_head":"<!-- This site is optimized with the Yoast SEO plugin v26.7 - https:\/\/yoast.com\/wordpress\/plugins\/seo\/ -->\n<title>Gym-Fit - Acc\u00e8de \u00e0 l\u2019emploi de tes r\u00eaves<\/title>\n<meta name=\"description\" content=\"Tu es passionn\u00e9 de fitness ? Tu cherches \u00e0 rejoindre une entreprise dynamique et motivante ? Gym-Fit est l\u2019endroit id\u00e9al pour toi !\" \/>\n<meta name=\"robots\" content=\"index, follow, max-snippet:-1, max-image-preview:large, max-video-preview:-1\" \/>\n<link rel=\"canonical\" href=\"https:\/\/gym-fit.es\/fr\/nous-recrutons\/\" \/>\n<meta property=\"og:locale\" content=\"fr_FR\" \/>\n<meta property=\"og:type\" content=\"article\" \/>\n<meta property=\"og:title\" content=\"Gym-Fit - Acc\u00e8de \u00e0 l\u2019emploi de tes r\u00eaves\" \/>\n<meta property=\"og:description\" content=\"Tu es passionn\u00e9 de fitness ? Tu cherches \u00e0 rejoindre une entreprise dynamique et motivante ? Gym-Fit est l\u2019endroit id\u00e9al pour toi !\" \/>\n<meta property=\"og:url\" content=\"https:\/\/gym-fit.es\/fr\/nous-recrutons\/\" \/>\n<meta property=\"og:site_name\" content=\"Gym-Fit\" \/>\n<meta property=\"article:modified_time\" content=\"2023-11-21T16:04:26+00:00\" \/>\n<meta property=\"og:image\" content=\"https:\/\/gym-fit.es\/wp-content\/uploads\/2023\/06\/logo-gym-fit.png\" \/>\n\t<meta property=\"og:image:width\" content=\"591\" \/>\n\t<meta property=\"og:image:height\" content=\"591\" \/>\n\t<meta property=\"og:image:type\" content=\"image\/png\" \/>\n<meta name=\"twitter:card\" content=\"summary_large_image\" \/>\n<meta name=\"twitter:label1\" content=\"Dur\u00e9e de lecture estim\u00e9e\" \/>\n\t<meta name=\"twitter:data1\" content=\"3 minutes\" \/>\n<script type=\"application\/ld+json\" class=\"yoast-schema-graph\">{\"@context\":\"https:\/\/schema.org\",\"@graph\":[{\"@type\":\"WebPage\",\"@id\":\"https:\/\/gym-fit.es\/fr\/nous-recrutons\/\",\"url\":\"https:\/\/gym-fit.es\/fr\/nous-recrutons\/\",\"name\":\"Gym-Fit - Acc\u00e8de \u00e0 l\u2019emploi de tes r\u00eaves\",\"isPartOf\":{\"@id\":\"https:\/\/gym-fit.es\/fr\/#website\"},\"datePublished\":\"2023-04-28T10:13:39+00:00\",\"dateModified\":\"2023-11-21T16:04:26+00:00\",\"description\":\"Tu es passionn\u00e9 de fitness ? Tu cherches \u00e0 rejoindre une entreprise dynamique et motivante ? Gym-Fit est l\u2019endroit id\u00e9al pour toi !\",\"breadcrumb\":{\"@id\":\"https:\/\/gym-fit.es\/fr\/nous-recrutons\/#breadcrumb\"},\"inLanguage\":\"fr-FR\",\"potentialAction\":[{\"@type\":\"ReadAction\",\"target\":[\"https:\/\/gym-fit.es\/fr\/nous-recrutons\/\"]}]},{\"@type\":\"BreadcrumbList\",\"@id\":\"https:\/\/gym-fit.es\/fr\/nous-recrutons\/#breadcrumb\",\"itemListElement\":[{\"@type\":\"ListItem\",\"position\":1,\"name\":\"Accueil\",\"item\":\"https:\/\/gym-fit.es\/fr\/\"},{\"@type\":\"ListItem\",\"position\":2,\"name\":\"Nous recrutons\"}]},{\"@type\":\"WebSite\",\"@id\":\"https:\/\/gym-fit.es\/fr\/#website\",\"url\":\"https:\/\/gym-fit.es\/fr\/\",\"name\":\"Gym-Fit\",\"description\":\"\",\"publisher\":{\"@id\":\"https:\/\/gym-fit.es\/fr\/#organization\"},\"potentialAction\":[{\"@type\":\"SearchAction\",\"target\":{\"@type\":\"EntryPoint\",\"urlTemplate\":\"https:\/\/gym-fit.es\/fr\/?s={search_term_string}\"},\"query-input\":{\"@type\":\"PropertyValueSpecification\",\"valueRequired\":true,\"valueName\":\"search_term_string\"}}],\"inLanguage\":\"fr-FR\"},{\"@type\":\"Organization\",\"@id\":\"https:\/\/gym-fit.es\/fr\/#organization\",\"name\":\"Gym-Fit\",\"url\":\"https:\/\/gym-fit.es\/fr\/\",\"logo\":{\"@type\":\"ImageObject\",\"inLanguage\":\"fr-FR\",\"@id\":\"https:\/\/gym-fit.es\/fr\/#\/schema\/logo\/image\/\",\"url\":\"https:\/\/gym-fit.es\/wp-content\/uploads\/2023\/06\/logo-gym-fit.png\",\"contentUrl\":\"https:\/\/gym-fit.es\/wp-content\/uploads\/2023\/06\/logo-gym-fit.png\",\"width\":591,\"height\":591,\"caption\":\"Gym-Fit\"},\"image\":{\"@id\":\"https:\/\/gym-fit.es\/fr\/#\/schema\/logo\/image\/\"}}]}<\/script>\n<!-- \/ Yoast SEO plugin. -->","yoast_head_json":{"title":"Gym-Fit - Acc\u00e8de \u00e0 l\u2019emploi de tes r\u00eaves","description":"Tu es passionn\u00e9 de fitness ? Tu cherches \u00e0 rejoindre une entreprise dynamique et motivante ? Gym-Fit est l\u2019endroit id\u00e9al pour toi !","robots":{"index":"index","follow":"follow","max-snippet":"max-snippet:-1","max-image-preview":"max-image-preview:large","max-video-preview":"max-video-preview:-1"},"canonical":"https:\/\/gym-fit.es\/fr\/nous-recrutons\/","og_locale":"fr_FR","og_type":"article","og_title":"Gym-Fit - Acc\u00e8de \u00e0 l\u2019emploi de tes r\u00eaves","og_description":"Tu es passionn\u00e9 de fitness ? Tu cherches \u00e0 rejoindre une entreprise dynamique et motivante ? Gym-Fit est l\u2019endroit id\u00e9al pour toi !","og_url":"https:\/\/gym-fit.es\/fr\/nous-recrutons\/","og_site_name":"Gym-Fit","article_modified_time":"2023-11-21T16:04:26+00:00","og_image":[{"width":591,"height":591,"url":"https:\/\/gym-fit.es\/wp-content\/uploads\/2023\/06\/logo-gym-fit.png","type":"image\/png"}],"twitter_card":"summary_large_image","twitter_misc":{"Dur\u00e9e de lecture estim\u00e9e":"3 minutes"},"schema":{"@context":"https:\/\/schema.org","@graph":[{"@type":"WebPage","@id":"https:\/\/gym-fit.es\/fr\/nous-recrutons\/","url":"https:\/\/gym-fit.es\/fr\/nous-recrutons\/","name":"Gym-Fit - Acc\u00e8de \u00e0 l\u2019emploi de tes r\u00eaves","isPartOf":{"@id":"https:\/\/gym-fit.es\/fr\/#website"},"datePublished":"2023-04-28T10:13:39+00:00","dateModified":"2023-11-21T16:04:26+00:00","description":"Tu es passionn\u00e9 de fitness ? Tu cherches \u00e0 rejoindre une entreprise dynamique et motivante ? Gym-Fit est l\u2019endroit id\u00e9al pour toi !","breadcrumb":{"@id":"https:\/\/gym-fit.es\/fr\/nous-recrutons\/#breadcrumb"},"inLanguage":"fr-FR","potentialAction":[{"@type":"ReadAction","target":["https:\/\/gym-fit.es\/fr\/nous-recrutons\/"]}]},{"@type":"BreadcrumbList","@id":"https:\/\/gym-fit.es\/fr\/nous-recrutons\/#breadcrumb","itemListElement":[{"@type":"ListItem","position":1,"name":"Accueil","item":"https:\/\/gym-fit.es\/fr\/"},{"@type":"ListItem","position":2,"name":"Nous recrutons"}]},{"@type":"WebSite","@id":"https:\/\/gym-fit.es\/fr\/#website","url":"https:\/\/gym-fit.es\/fr\/","name":"Gym-Fit","description":"","publisher":{"@id":"https:\/\/gym-fit.es\/fr\/#organization"},"potentialAction":[{"@type":"SearchAction","target":{"@type":"EntryPoint","urlTemplate":"https:\/\/gym-fit.es\/fr\/?s={search_term_string}"},"query-input":{"@type":"PropertyValueSpecification","valueRequired":true,"valueName":"search_term_string"}}],"inLanguage":"fr-FR"},{"@type":"Organization","@id":"https:\/\/gym-fit.es\/fr\/#organization","name":"Gym-Fit","url":"https:\/\/gym-fit.es\/fr\/","logo":{"@type":"ImageObject","inLanguage":"fr-FR","@id":"https:\/\/gym-fit.es\/fr\/#\/schema\/logo\/image\/","url":"https:\/\/gym-fit.es\/wp-content\/uploads\/2023\/06\/logo-gym-fit.png","contentUrl":"https:\/\/gym-fit.es\/wp-content\/uploads\/2023\/06\/logo-gym-fit.png","width":591,"height":591,"caption":"Gym-Fit"},"image":{"@id":"https:\/\/gym-fit.es\/fr\/#\/schema\/logo\/image\/"}}]}},"_links":{"self":[{"href":"https:\/\/gym-fit.es\/fr\/wp-json\/wp\/v2\/pages\/20","targetHints":{"allow":["GET"]}}],"collection":[{"href":"https:\/\/gym-fit.es\/fr\/wp-json\/wp\/v2\/pages"}],"about":[{"href":"https:\/\/gym-fit.es\/fr\/wp-json\/wp\/v2\/types\/page"}],"author":[{"embeddable":true,"href":"https:\/\/gym-fit.es\/fr\/wp-json\/wp\/v2\/users\/2"}],"replies":[{"embeddable":true,"href":"https:\/\/gym-fit.es\/fr\/wp-json\/wp\/v2\/comments?post=20"}],"version-history":[{"count":13,"href":"https:\/\/gym-fit.es\/fr\/wp-json\/wp\/v2\/pages\/20\/revisions"}],"predecessor-version":[{"id":847,"href":"https:\/\/gym-fit.es\/fr\/wp-json\/wp\/v2\/pages\/20\/revisions\/847"}],"wp:attachment":[{"href":"https:\/\/gym-fit.es\/fr\/wp-json\/wp\/v2\/media?parent=20"}],"curies":[{"name":"wp","href":"https:\/\/api.w.org\/{rel}","templated":true}]}}