{"id":742,"date":"2023-10-19T10:03:35","date_gmt":"2023-10-19T10:03:35","guid":{"rendered":"https:\/\/gym-fit.server-prod.com\/?page_id=742"},"modified":"2023-11-21T16:08:47","modified_gmt":"2023-11-21T16:08:47","slug":"reglement-interieur","status":"publish","type":"page","link":"https:\/\/gym-fit.es\/fr\/reglement-interieur\/","title":{"rendered":"R\u00e8glement int\u00e9rieur"},"content":{"rendered":"<p>[et_pb_section fb_built=\u00a0\u00bb1&Prime; _builder_version=\u00a0\u00bb4.17.6&Prime; _module_preset=\u00a0\u00bbdefault\u00a0\u00bb background_image=\u00a0\u00bbhttps:\/\/gym-fit.es\/wp-content\/uploads\/2023\/05\/header-gym-fit.png\u00a0\u00bb custom_padding=\u00a0\u00bb100px||100px||false|false\u00a0\u00bb global_colors_info=\u00a0\u00bb{}\u00a0\u00bb][et_pb_row _builder_version=\u00a0\u00bb4.17.6&Prime; _module_preset=\u00a0\u00bbdefault\u00a0\u00bb global_colors_info=\u00a0\u00bb{}\u00a0\u00bb][et_pb_column type=\u00a0\u00bb4_4&Prime; _builder_version=\u00a0\u00bb4.17.6&Prime; _module_preset=\u00a0\u00bbdefault\u00a0\u00bb global_colors_info=\u00a0\u00bb{}\u00a0\u00bb][et_pb_post_title meta=\u00a0\u00bboff\u00a0\u00bb featured_image=\u00a0\u00bboff\u00a0\u00bb _builder_version=\u00a0\u00bb4.17.6&Prime; _module_preset=\u00a0\u00bbdefault\u00a0\u00bb title_font=\u00a0\u00bbOswald|700|||||||\u00a0\u00bb title_text_align=\u00a0\u00bbcenter\u00a0\u00bb title_text_color=\u00a0\u00bb#FFFFFF\u00a0\u00bb title_font_size=\u00a0\u00bb45px\u00a0\u00bb title_letter_spacing=\u00a0\u00bb2px\u00a0\u00bb global_colors_info=\u00a0\u00bb{}\u00a0\u00bb][\/et_pb_post_title][\/et_pb_column][\/et_pb_row][\/et_pb_section][et_pb_section fb_built=\u00a0\u00bb1&Prime; admin_label=\u00a0\u00bbCall to Action\u00a0\u00bb _builder_version=\u00a0\u00bb4.17.6&Prime; _module_preset=\u00a0\u00bb0ed5d617-fca5-4170-92de-31431b1ddfbe\u00a0\u00bb custom_margin=\u00a0\u00bb||0px||false|false\u00a0\u00bb custom_padding=\u00a0\u00bb||||false|false\u00a0\u00bb global_colors_info=\u00a0\u00bb{}\u00a0\u00bb][et_pb_row _builder_version=\u00a0\u00bb4.17.6&Prime; _module_preset=\u00a0\u00bbdefault\u00a0\u00bb custom_padding=\u00a0\u00bb0px||||false|false\u00a0\u00bb global_colors_info=\u00a0\u00bb{}\u00a0\u00bb][et_pb_column type=\u00a0\u00bb4_4&Prime; _builder_version=\u00a0\u00bb4.17.3&Prime; _module_preset=\u00a0\u00bbdefault\u00a0\u00bb global_colors_info=\u00a0\u00bb{}\u00a0\u00bb][et_pb_text _builder_version=\u00a0\u00bb4.17.6&Prime; _module_preset=\u00a0\u00bbdefault\u00a0\u00bb text_font=\u00a0\u00bbInter||||||||\u00a0\u00bb text_text_color=\u00a0\u00bb#22434A\u00a0\u00bb header_2_font=\u00a0\u00bbOswald||||||||\u00a0\u00bb header_2_text_color=\u00a0\u00bb#000000&Prime; header_2_font_size=\u00a0\u00bb35px\u00a0\u00bb header_2_letter_spacing=\u00a0\u00bb2px\u00a0\u00bb header_2_line_height=\u00a0\u00bb1.8em\u00a0\u00bb text_font_size_tablet=\u00a0\u00bb16px\u00a0\u00bb text_font_size_phone=\u00a0\u00bb14px\u00a0\u00bb text_font_size_last_edited=\u00a0\u00bbon|tablet\u00a0\u00bb header_font_size_tablet=\u00a0\u00bb55px\u00a0\u00bb header_font_size_last_edited=\u00a0\u00bboff|desktop\u00a0\u00bb header_2_font_size_tablet=\u00a0\u00bb34px\u00a0\u00bb header_2_font_size_phone=\u00a0\u00bb24px\u00a0\u00bb header_2_font_size_last_edited=\u00a0\u00bbon|phone\u00a0\u00bb locked=\u00a0\u00bboff\u00a0\u00bb global_colors_info=\u00a0\u00bb{}\u00a0\u00bb]<\/p>\n<h2><strong>Ensemble, nous gardons le club propre et sain<\/strong><\/h2>\n<ul>\n<li>Le port de chaussures de sport (propres) et de v\u00eatements de sport appropri\u00e9s est obligatoire.<\/li>\n<li>Placez votre serviette sur l\u2019appareil que vous utilisez puis, pour l\u2019hygi\u00e8ne de tous, nettoyez l\u2019appareil avec les produits d\u00e9sinfectants mis \u00e0 votre disposition.<\/li>\n<li>La nourriture et les r\u00e9cipients non refermables ne sont pas autoris\u00e9s dans les espaces d\u2019entra\u00eenement.<\/li>\n<li>Il est interdit de fumer, de faire usage et\/ou de distribuer des substances illicites dans le club.<\/li>\n<li>Les animaux ne sont pas admis au club, hormis les chiens d&rsquo;assistance.<\/li>\n<\/ul>\n<h2>Nous respectons la vie priv\u00e9e et la tranquillit\u00e9 des autres personnes<\/h2>\n<ul>\n<li>L&rsquo;utilisation d&rsquo;appareils mobiles fait partie int\u00e9grante de notre soci\u00e9t\u00e9. Dans les espaces d\u2019entra\u00eenement, il n&rsquo;est pas permis de t\u00e9l\u00e9phoner et de prendre des photos ou des films portant atteinte \u00e0 la vie priv\u00e9e des personnes pr\u00e9sentes..<\/li>\n<li>Ne laissez pas tomber le mat\u00e9riel bruyamment, limitez les bruits de toutes sortes ainsi que le niveau sonore de votre musique.<\/li>\n<li>La violence verbale et\/ou physique n\u2019est pas tol\u00e9r\u00e9e dans le club.<\/li>\n<li>Les gestes, harc\u00e8lement, et\/ou relations intimes\/sexuelles ne sont pas tol\u00e9r\u00e9s dans le club.<\/li>\n<li>Laissez les appareils disponibles pour les autres si vous ne les utilisez pas de mani\u00e8re active.<\/li>\n<\/ul>\n<h2>Nous voulons un club s\u00fbr pour chacun<\/h2>\n<ul>\n<li>Il est obligatoire de pr\u00e9senter l\u2019original de la carte Gym-Fit valide pour entrer dans le club.<\/li>\n<li>Les enfants de moins de 16 ans ne sont pas admis dans le club.<\/li>\n<li>Les instructions du personnel de Gym-Fit \u00a0doivent \u00eatre respect\u00e9es et suivies. Gym-Fit est habilit\u00e9, s&rsquo;il a des motifs raisonnables de le faire, \u00e0 refuser temporairement ou d\u00e9finitivement l&rsquo;acc\u00e8s au(x) club(s) aux personnes qui ne respecteraient pas les conditions g\u00e9n\u00e9rales et\/ou le r\u00e8glement int\u00e9rieur.<\/li>\n<li>Assurez-vous de savoir comment utiliser les appareils et faire les exercices. Respectez vos limites et veillez \u00e0 conna\u00eetre ce dont vous \u00eates capable, \u00e9ventuellement avec les conseils d&rsquo;un sp\u00e9cialiste (m\u00e9dical). Vous \u00eates responsable de votre propre bien-\u00eatre.<\/li>\n<li>N&rsquo;utilisez un appareil que pour l&rsquo;usage auquel il est destin\u00e9 et, apr\u00e8s l&rsquo;exercice, \u00e9teignez l\u2019appareil ou remettez le mat\u00e9riel \u00e0 l\u2019endroit pr\u00e9vu \u00e0 cet effet.<\/li>\n<li>Les effets personnels non n\u00e9cessaires \u00e0 la pratique du sport tels que manteaux, sacs, casques etcetera, ne peuvent \u00eatre emmen\u00e9s dans les espaces d\u2019entra\u00eenement, ils doivent \u00eatre rang\u00e9s dans les casiers. Nous vous conseillons de ne pas emporter d&rsquo;objets de valeur et d&rsquo;utiliser les casiers pour ranger vos affaires. Les casiers sont vid\u00e9s tous les jours. Pour la responsabilit\u00e9 en cas de dommage ou de vol, nous vous renvoyons aux conditions g\u00e9n\u00e9rales en vigueur de Gym-Fit.<\/li>\n<li>Apr\u00e8s la douche, s\u00e9chez-vous dans la zone humide du vestiaire pour \u00e9viter les chutes et les salissures inutiles dans les vestiaires. Pour des raisons d\u2019hygi\u00e8ne, il n\u2019est pas autoris\u00e9 de se raser dans les vestiaires.<\/li>\n<li>Les activit\u00e9s de vente et\/ou de promotion ainsi que le coaching personnel ne sont pas autoris\u00e9s sans l&rsquo;accord pr\u00e9alable et \u00e9crit de Gym-Fit.<\/li>\n<\/ul>\n<p>[\/et_pb_text][\/et_pb_column][\/et_pb_row][\/et_pb_section]<\/p>\n","protected":false},"excerpt":{"rendered":"<p>Ensemble, nous gardons le club propre et sain Le port de chaussures de sport (propres) et de v\u00eatements de sport appropri\u00e9s est obligatoire. Placez votre serviette sur l\u2019appareil que vous utilisez puis, pour l\u2019hygi\u00e8ne de tous, nettoyez l\u2019appareil avec les produits d\u00e9sinfectants mis \u00e0 votre disposition. La nourriture et les r\u00e9cipients non refermables ne sont [&hellip;]<\/p>\n","protected":false},"author":2,"featured_media":0,"parent":0,"menu_order":0,"comment_status":"closed","ping_status":"closed","template":"","meta":{"_et_pb_use_builder":"on","_et_pb_old_content":"","_et_gb_content_width":"","footnotes":""},"class_list":["post-742","page","type-page","status-publish","hentry"],"aioseo_notices":[],"yoast_head":"<!-- This site is optimized with the Yoast SEO plugin v26.7 - https:\/\/yoast.com\/wordpress\/plugins\/seo\/ -->\n<title>Gym-Fit - R\u00e8glement int\u00e9rieur<\/title>\n<meta name=\"description\" content=\"Chez Gym-Fit, nous avons tout ce qu\u2019il faut pour te permettre d\u2019atteindre tes objectifs de remise en forme et de te sentir bien dans ta peau.\" \/>\n<meta name=\"robots\" content=\"index, follow, max-snippet:-1, max-image-preview:large, max-video-preview:-1\" \/>\n<link rel=\"canonical\" href=\"https:\/\/gym-fit.es\/fr\/reglement-interieur\/\" \/>\n<meta property=\"og:locale\" content=\"fr_FR\" \/>\n<meta property=\"og:type\" content=\"article\" \/>\n<meta property=\"og:title\" content=\"Gym-Fit - R\u00e8glement int\u00e9rieur\" \/>\n<meta property=\"og:description\" content=\"Chez Gym-Fit, nous avons tout ce qu\u2019il faut pour te permettre d\u2019atteindre tes objectifs de remise en forme et de te sentir bien dans ta peau.\" \/>\n<meta property=\"og:url\" content=\"https:\/\/gym-fit.es\/fr\/reglement-interieur\/\" \/>\n<meta property=\"og:site_name\" content=\"Gym-Fit\" \/>\n<meta property=\"article:modified_time\" content=\"2023-11-21T16:08:47+00:00\" \/>\n<meta property=\"og:image\" content=\"https:\/\/gym-fit.es\/wp-content\/uploads\/2023\/06\/logo-gym-fit.png\" \/>\n\t<meta property=\"og:image:width\" content=\"591\" \/>\n\t<meta property=\"og:image:height\" content=\"591\" \/>\n\t<meta property=\"og:image:type\" content=\"image\/png\" \/>\n<meta name=\"twitter:card\" content=\"summary_large_image\" \/>\n<meta name=\"twitter:label1\" content=\"Dur\u00e9e de lecture estim\u00e9e\" \/>\n\t<meta name=\"twitter:data1\" content=\"3 minutes\" \/>\n<script type=\"application\/ld+json\" class=\"yoast-schema-graph\">{\"@context\":\"https:\/\/schema.org\",\"@graph\":[{\"@type\":\"WebPage\",\"@id\":\"https:\/\/gym-fit.es\/fr\/reglement-interieur\/\",\"url\":\"https:\/\/gym-fit.es\/fr\/reglement-interieur\/\",\"name\":\"Gym-Fit - R\u00e8glement int\u00e9rieur\",\"isPartOf\":{\"@id\":\"https:\/\/gym-fit.es\/fr\/#website\"},\"datePublished\":\"2023-10-19T10:03:35+00:00\",\"dateModified\":\"2023-11-21T16:08:47+00:00\",\"description\":\"Chez Gym-Fit, nous avons tout ce qu\u2019il faut pour te permettre d\u2019atteindre tes objectifs de remise en forme et de te sentir bien dans ta peau.\",\"breadcrumb\":{\"@id\":\"https:\/\/gym-fit.es\/fr\/reglement-interieur\/#breadcrumb\"},\"inLanguage\":\"fr-FR\",\"potentialAction\":[{\"@type\":\"ReadAction\",\"target\":[\"https:\/\/gym-fit.es\/fr\/reglement-interieur\/\"]}]},{\"@type\":\"BreadcrumbList\",\"@id\":\"https:\/\/gym-fit.es\/fr\/reglement-interieur\/#breadcrumb\",\"itemListElement\":[{\"@type\":\"ListItem\",\"position\":1,\"name\":\"Accueil\",\"item\":\"https:\/\/gym-fit.es\/fr\/\"},{\"@type\":\"ListItem\",\"position\":2,\"name\":\"R\u00e8glement int\u00e9rieur\"}]},{\"@type\":\"WebSite\",\"@id\":\"https:\/\/gym-fit.es\/fr\/#website\",\"url\":\"https:\/\/gym-fit.es\/fr\/\",\"name\":\"Gym-Fit\",\"description\":\"\",\"publisher\":{\"@id\":\"https:\/\/gym-fit.es\/fr\/#organization\"},\"potentialAction\":[{\"@type\":\"SearchAction\",\"target\":{\"@type\":\"EntryPoint\",\"urlTemplate\":\"https:\/\/gym-fit.es\/fr\/?s={search_term_string}\"},\"query-input\":{\"@type\":\"PropertyValueSpecification\",\"valueRequired\":true,\"valueName\":\"search_term_string\"}}],\"inLanguage\":\"fr-FR\"},{\"@type\":\"Organization\",\"@id\":\"https:\/\/gym-fit.es\/fr\/#organization\",\"name\":\"Gym-Fit\",\"url\":\"https:\/\/gym-fit.es\/fr\/\",\"logo\":{\"@type\":\"ImageObject\",\"inLanguage\":\"fr-FR\",\"@id\":\"https:\/\/gym-fit.es\/fr\/#\/schema\/logo\/image\/\",\"url\":\"https:\/\/gym-fit.es\/wp-content\/uploads\/2023\/06\/logo-gym-fit.png\",\"contentUrl\":\"https:\/\/gym-fit.es\/wp-content\/uploads\/2023\/06\/logo-gym-fit.png\",\"width\":591,\"height\":591,\"caption\":\"Gym-Fit\"},\"image\":{\"@id\":\"https:\/\/gym-fit.es\/fr\/#\/schema\/logo\/image\/\"}}]}<\/script>\n<!-- \/ Yoast SEO plugin. -->","yoast_head_json":{"title":"Gym-Fit - R\u00e8glement int\u00e9rieur","description":"Chez Gym-Fit, nous avons tout ce qu\u2019il faut pour te permettre d\u2019atteindre tes objectifs de remise en forme et de te sentir bien dans ta peau.","robots":{"index":"index","follow":"follow","max-snippet":"max-snippet:-1","max-image-preview":"max-image-preview:large","max-video-preview":"max-video-preview:-1"},"canonical":"https:\/\/gym-fit.es\/fr\/reglement-interieur\/","og_locale":"fr_FR","og_type":"article","og_title":"Gym-Fit - R\u00e8glement int\u00e9rieur","og_description":"Chez Gym-Fit, nous avons tout ce qu\u2019il faut pour te permettre d\u2019atteindre tes objectifs de remise en forme et de te sentir bien dans ta peau.","og_url":"https:\/\/gym-fit.es\/fr\/reglement-interieur\/","og_site_name":"Gym-Fit","article_modified_time":"2023-11-21T16:08:47+00:00","og_image":[{"width":591,"height":591,"url":"https:\/\/gym-fit.es\/wp-content\/uploads\/2023\/06\/logo-gym-fit.png","type":"image\/png"}],"twitter_card":"summary_large_image","twitter_misc":{"Dur\u00e9e de lecture estim\u00e9e":"3 minutes"},"schema":{"@context":"https:\/\/schema.org","@graph":[{"@type":"WebPage","@id":"https:\/\/gym-fit.es\/fr\/reglement-interieur\/","url":"https:\/\/gym-fit.es\/fr\/reglement-interieur\/","name":"Gym-Fit - R\u00e8glement int\u00e9rieur","isPartOf":{"@id":"https:\/\/gym-fit.es\/fr\/#website"},"datePublished":"2023-10-19T10:03:35+00:00","dateModified":"2023-11-21T16:08:47+00:00","description":"Chez Gym-Fit, nous avons tout ce qu\u2019il faut pour te permettre d\u2019atteindre tes objectifs de remise en forme et de te sentir bien dans ta peau.","breadcrumb":{"@id":"https:\/\/gym-fit.es\/fr\/reglement-interieur\/#breadcrumb"},"inLanguage":"fr-FR","potentialAction":[{"@type":"ReadAction","target":["https:\/\/gym-fit.es\/fr\/reglement-interieur\/"]}]},{"@type":"BreadcrumbList","@id":"https:\/\/gym-fit.es\/fr\/reglement-interieur\/#breadcrumb","itemListElement":[{"@type":"ListItem","position":1,"name":"Accueil","item":"https:\/\/gym-fit.es\/fr\/"},{"@type":"ListItem","position":2,"name":"R\u00e8glement int\u00e9rieur"}]},{"@type":"WebSite","@id":"https:\/\/gym-fit.es\/fr\/#website","url":"https:\/\/gym-fit.es\/fr\/","name":"Gym-Fit","description":"","publisher":{"@id":"https:\/\/gym-fit.es\/fr\/#organization"},"potentialAction":[{"@type":"SearchAction","target":{"@type":"EntryPoint","urlTemplate":"https:\/\/gym-fit.es\/fr\/?s={search_term_string}"},"query-input":{"@type":"PropertyValueSpecification","valueRequired":true,"valueName":"search_term_string"}}],"inLanguage":"fr-FR"},{"@type":"Organization","@id":"https:\/\/gym-fit.es\/fr\/#organization","name":"Gym-Fit","url":"https:\/\/gym-fit.es\/fr\/","logo":{"@type":"ImageObject","inLanguage":"fr-FR","@id":"https:\/\/gym-fit.es\/fr\/#\/schema\/logo\/image\/","url":"https:\/\/gym-fit.es\/wp-content\/uploads\/2023\/06\/logo-gym-fit.png","contentUrl":"https:\/\/gym-fit.es\/wp-content\/uploads\/2023\/06\/logo-gym-fit.png","width":591,"height":591,"caption":"Gym-Fit"},"image":{"@id":"https:\/\/gym-fit.es\/fr\/#\/schema\/logo\/image\/"}}]}},"_links":{"self":[{"href":"https:\/\/gym-fit.es\/fr\/wp-json\/wp\/v2\/pages\/742","targetHints":{"allow":["GET"]}}],"collection":[{"href":"https:\/\/gym-fit.es\/fr\/wp-json\/wp\/v2\/pages"}],"about":[{"href":"https:\/\/gym-fit.es\/fr\/wp-json\/wp\/v2\/types\/page"}],"author":[{"embeddable":true,"href":"https:\/\/gym-fit.es\/fr\/wp-json\/wp\/v2\/users\/2"}],"replies":[{"embeddable":true,"href":"https:\/\/gym-fit.es\/fr\/wp-json\/wp\/v2\/comments?post=742"}],"version-history":[{"count":7,"href":"https:\/\/gym-fit.es\/fr\/wp-json\/wp\/v2\/pages\/742\/revisions"}],"predecessor-version":[{"id":848,"href":"https:\/\/gym-fit.es\/fr\/wp-json\/wp\/v2\/pages\/742\/revisions\/848"}],"wp:attachment":[{"href":"https:\/\/gym-fit.es\/fr\/wp-json\/wp\/v2\/media?parent=742"}],"curies":[{"name":"wp","href":"https:\/\/api.w.org\/{rel}","templated":true}]}}