{"id":760,"date":"2023-10-19T10:03:35","date_gmt":"2023-10-19T10:03:35","guid":{"rendered":"https:\/\/gym-fit.server-prod.com\/reglement-interieur\/"},"modified":"2023-11-07T14:38:37","modified_gmt":"2023-11-07T14:38:37","slug":"reglement-interieur","status":"publish","type":"page","link":"https:\/\/gym-fit.es\/it\/reglement-interieur\/","title":{"rendered":"Regole interne"},"content":{"rendered":"<p>[et_pb_section fb_built=&#8221;1&#8243; _builder_version=&#8221;4.17.6&#8243; _module_preset=&#8221;default&#8221; background_image=&#8221;https:\/\/gym-fit.es\/wp-content\/uploads\/2023\/05\/header-gym-fit.png&#8221; custom_padding=&#8221;100px||100px||false|false&#8221; global_colors_info=&#8221;{}&#8221;][et_pb_row _builder_version=&#8221;4.17.6&#8243; _module_preset=&#8221;default&#8221; global_colors_info=&#8221;{}&#8221;][et_pb_column type=&#8221;4_4&#8243; _builder_version=&#8221;4.17.6&#8243; _module_preset=&#8221;default&#8221; global_colors_info=&#8221;{}&#8221;][et_pb_post_title meta=&#8221;off&#8221; featured_image=&#8221;off&#8221; _builder_version=&#8221;4.17.6&#8243; _module_preset=&#8221;default&#8221; title_font=&#8221;Oswald|700|||||||&#8221; title_text_align=&#8221;center&#8221; title_text_color=&#8221;#FFFFFF&#8221; title_font_size=&#8221;45px&#8221; title_letter_spacing=&#8221;2px&#8221; global_colors_info=&#8221;{}&#8221;][\/et_pb_post_title][\/et_pb_column][\/et_pb_row][\/et_pb_section][et_pb_section fb_built=&#8221;1&#8243; admin_label=&#8221;Call to Action&#8221; _builder_version=&#8221;4.17.6&#8243; _module_preset=&#8221;0ed5d617-fca5-4170-92de-31431b1ddfbe&#8221; custom_margin=&#8221;||0px||false|false&#8221; custom_padding=&#8221;||||false|false&#8221; global_colors_info=&#8221;{}&#8221;][et_pb_row _builder_version=&#8221;4.17.6&#8243; _module_preset=&#8221;default&#8221; custom_padding=&#8221;0px||||false|false&#8221; global_colors_info=&#8221;{}&#8221;][et_pb_column type=&#8221;4_4&#8243; _builder_version=&#8221;4.17.3&#8243; _module_preset=&#8221;default&#8221; global_colors_info=&#8221;{}&#8221;][et_pb_text _builder_version=&#8221;4.17.6&#8243; _module_preset=&#8221;default&#8221; text_font=&#8221;Inter||||||||&#8221; text_text_color=&#8221;#22434A&#8221; header_2_font=&#8221;Oswald||||||||&#8221; header_2_text_color=&#8221;#000000&#8243; header_2_font_size=&#8221;35px&#8221; header_2_letter_spacing=&#8221;2px&#8221; header_2_line_height=&#8221;1.8em&#8221; hover_enabled=&#8221;0&#8243; text_font_size_tablet=&#8221;16px&#8221; text_font_size_phone=&#8221;14px&#8221; text_font_size_last_edited=&#8221;on|tablet&#8221; header_font_size_tablet=&#8221;55px&#8221; header_font_size_last_edited=&#8221;off|desktop&#8221; header_2_font_size_tablet=&#8221;34px&#8221; header_2_font_size_phone=&#8221;24px&#8221; header_2_font_size_last_edited=&#8221;on|phone&#8221; locked=&#8221;off&#8221; global_colors_info=&#8221;{}&#8221; sticky_enabled=&#8221;0&#8243;]<\/p>\n<h2>Insieme, manteniamo il club pulito e sano<\/h2>\n<ul>\n<li>\u00c8 obbligatorio indossare scarpe sportive (pulite) e un abbigliamento sportivo adeguato.<\/li>\n<li>Posizionare l&#8217;asciugamano sull&#8217;attrezzatura che si sta utilizzando e poi, per l&#8217;igiene di tutti, pulire l&#8217;attrezzatura con i disinfettanti in dotazione.<\/li>\n<li>Nelle aree di allenamento non sono ammessi alimenti e contenitori non richiudibili.<\/li>\n<li>\u00c8 vietato fumare, usare e\/o distribuire sostanze illegali nel club.<\/li>\n<li>Gli animali non sono ammessi nel club, ad eccezione dei cani da assistenza.<\/li>\n<\/ul>\n<h2>Rispettiamo la privacy e la tranquillit\u00e0 degli altri<\/h2>\n<ul>\n<li>\u00a0L&#8217;uso di dispositivi mobili \u00e8 parte integrante della nostra societ\u00e0. Nelle aree di formazione non \u00e8 consentito effettuare telefonate o scattare fotografie o filmati che possano violare la privacy dei presenti.<\/li>\n<li>Non lasciate cadere rumorosamente le attrezzature, riducete al minimo i rumori di qualsiasi tipo e limitate il volume della vostra musica.<\/li>\n<li>La violenza verbale e\/o fisica non sar\u00e0 tollerata nel club. Gesti, molestie e\/o relazioni intime\/sessuali non sono tollerati nel club. <\/li>\n<li>Lasciare l&#8217;attrezzatura a disposizione degli altri se non la si utilizza attivamente.<\/li>\n<\/ul>\n<h2>Vogliamo un club sicuro per tutti<\/h2>\n<ul>\n<li>Per entrare nel club \u00e8 obbligatorio presentare la tessera Gym-Fit originale valida. <\/li>\n<li>I minori di 16 anni non sono ammessi al club.<\/li>\n<li>Le istruzioni del personale di Gym-Fit devono essere rispettate e seguite. Gym-Fit ha il diritto, <br \/>se ha ragionevoli motivi per farlo, di rifiutare temporaneamente o permanentemente l&#8217;accesso al club alle persone che non rispettano le condizioni generali e\/o il regolamento interno. <\/li>\n<li>Assicurarsi di saper usare l&#8217;attrezzatura e fare gli esercizi. Rispettate i vostri limiti e assicuratevi di sapere cosa siete in grado di fare, possibilmente con la consulenza di uno specialista (medico). Siete responsabili del vostro benessere. Utilizzare l&#8217;attrezzatura solo per lo scopo previsto e, dopo l&#8217;esercizio, spegnerla o riportarla nel luogo previsto.<\/li>\n<li>Gli effetti personali non necessari alla pratica dello sport, come cappotti, borse, caschi, ecc. non possono essere portati nelle aree di allenamento e devono essere riposti negli armadietti. Si consiglia di non portare con s\u00e9 oggetti di valore e di utilizzare gli armadietti per riporre i propri effetti personali. Gli armadietti vengono svuotati ogni giorno. Per quanto riguarda la responsabilit\u00e0 in caso di danni o furti, si rimanda alle attuali condizioni generali di Gym-Fit.<\/li>\n<li>Dopo la doccia, asciugarsi nella zona umida dello spogliatoio per evitare cadute e inutili imbrattamenti negli spogliatoi. Per motivi di igiene, non \u00e8 consentito radersi negli spogliatoi.<\/li>\n<li>Non sono consentite attivit\u00e0 di vendita e\/o promozionali e di personal coaching senza il previo consenso scritto di Gym-Fit<\/li>\n<\/ul>\n<p>[\/et_pb_text][\/et_pb_column][\/et_pb_row][\/et_pb_section]<\/p>\n","protected":false},"excerpt":{"rendered":"<p>Insieme, manteniamo il club pulito e sano \u00c8 obbligatorio indossare scarpe sportive (pulite) e un abbigliamento sportivo adeguato. Posizionare l&#8217;asciugamano sull&#8217;attrezzatura che si sta utilizzando e poi, per l&#8217;igiene di tutti, pulire l&#8217;attrezzatura con i disinfettanti in dotazione. Nelle aree di allenamento non sono ammessi alimenti e contenitori non richiudibili. \u00c8 vietato fumare, usare e\/o [&hellip;]<\/p>\n","protected":false},"author":2,"featured_media":0,"parent":0,"menu_order":0,"comment_status":"closed","ping_status":"closed","template":"","meta":{"_et_pb_use_builder":"on","_et_pb_old_content":"","_et_gb_content_width":"","footnotes":""},"class_list":["post-760","page","type-page","status-publish","hentry"],"aioseo_notices":[],"yoast_head":"<!-- This site is optimized with the Yoast SEO plugin v26.7 - https:\/\/yoast.com\/wordpress\/plugins\/seo\/ -->\n<title>Regole interne - Gym-Fit<\/title>\n<meta name=\"robots\" content=\"index, follow, max-snippet:-1, max-image-preview:large, max-video-preview:-1\" \/>\n<link rel=\"canonical\" href=\"https:\/\/gym-fit.es\/it\/reglement-interieur\/\" \/>\n<meta property=\"og:locale\" content=\"it_IT\" \/>\n<meta property=\"og:type\" content=\"article\" \/>\n<meta property=\"og:title\" content=\"Regole interne - Gym-Fit\" \/>\n<meta property=\"og:description\" content=\"Insieme, manteniamo il club pulito e sano \u00c8 obbligatorio indossare scarpe sportive (pulite) e un abbigliamento sportivo adeguato. Posizionare l&#039;asciugamano sull&#039;attrezzatura che si sta utilizzando e poi, per l&#039;igiene di tutti, pulire l&#039;attrezzatura con i disinfettanti in dotazione. Nelle aree di allenamento non sono ammessi alimenti e contenitori non richiudibili. \u00c8 vietato fumare, usare e\/o [&hellip;]\" \/>\n<meta property=\"og:url\" content=\"https:\/\/gym-fit.es\/it\/reglement-interieur\/\" \/>\n<meta property=\"og:site_name\" content=\"Gym-Fit\" \/>\n<meta property=\"article:modified_time\" content=\"2023-11-07T14:38:37+00:00\" \/>\n<meta property=\"og:image\" content=\"https:\/\/gym-fit.es\/wp-content\/uploads\/2023\/06\/logo-gym-fit.png\" \/>\n\t<meta property=\"og:image:width\" content=\"591\" \/>\n\t<meta property=\"og:image:height\" content=\"591\" \/>\n\t<meta property=\"og:image:type\" content=\"image\/png\" \/>\n<meta name=\"twitter:card\" content=\"summary_large_image\" \/>\n<meta name=\"twitter:label1\" content=\"Tempo di lettura stimato\" \/>\n\t<meta name=\"twitter:data1\" content=\"3 minuti\" \/>\n<script type=\"application\/ld+json\" class=\"yoast-schema-graph\">{\"@context\":\"https:\/\/schema.org\",\"@graph\":[{\"@type\":\"WebPage\",\"@id\":\"https:\/\/gym-fit.es\/it\/reglement-interieur\/\",\"url\":\"https:\/\/gym-fit.es\/it\/reglement-interieur\/\",\"name\":\"Regole interne - Gym-Fit\",\"isPartOf\":{\"@id\":\"https:\/\/gym-fit.es\/it\/#website\"},\"datePublished\":\"2023-10-19T10:03:35+00:00\",\"dateModified\":\"2023-11-07T14:38:37+00:00\",\"breadcrumb\":{\"@id\":\"https:\/\/gym-fit.es\/it\/reglement-interieur\/#breadcrumb\"},\"inLanguage\":\"it-IT\",\"potentialAction\":[{\"@type\":\"ReadAction\",\"target\":[\"https:\/\/gym-fit.es\/it\/reglement-interieur\/\"]}]},{\"@type\":\"BreadcrumbList\",\"@id\":\"https:\/\/gym-fit.es\/it\/reglement-interieur\/#breadcrumb\",\"itemListElement\":[{\"@type\":\"ListItem\",\"position\":1,\"name\":\"Accueil\",\"item\":\"https:\/\/gym-fit.es\/it\/\"},{\"@type\":\"ListItem\",\"position\":2,\"name\":\"Regole interne\"}]},{\"@type\":\"WebSite\",\"@id\":\"https:\/\/gym-fit.es\/it\/#website\",\"url\":\"https:\/\/gym-fit.es\/it\/\",\"name\":\"Gym-Fit\",\"description\":\"\",\"publisher\":{\"@id\":\"https:\/\/gym-fit.es\/it\/#organization\"},\"potentialAction\":[{\"@type\":\"SearchAction\",\"target\":{\"@type\":\"EntryPoint\",\"urlTemplate\":\"https:\/\/gym-fit.es\/it\/?s={search_term_string}\"},\"query-input\":{\"@type\":\"PropertyValueSpecification\",\"valueRequired\":true,\"valueName\":\"search_term_string\"}}],\"inLanguage\":\"it-IT\"},{\"@type\":\"Organization\",\"@id\":\"https:\/\/gym-fit.es\/it\/#organization\",\"name\":\"Gym-Fit\",\"url\":\"https:\/\/gym-fit.es\/it\/\",\"logo\":{\"@type\":\"ImageObject\",\"inLanguage\":\"it-IT\",\"@id\":\"https:\/\/gym-fit.es\/it\/#\/schema\/logo\/image\/\",\"url\":\"https:\/\/gym-fit.es\/wp-content\/uploads\/2023\/06\/logo-gym-fit.png\",\"contentUrl\":\"https:\/\/gym-fit.es\/wp-content\/uploads\/2023\/06\/logo-gym-fit.png\",\"width\":591,\"height\":591,\"caption\":\"Gym-Fit\"},\"image\":{\"@id\":\"https:\/\/gym-fit.es\/it\/#\/schema\/logo\/image\/\"}}]}<\/script>\n<!-- \/ Yoast SEO plugin. -->","yoast_head_json":{"title":"Regole interne - Gym-Fit","robots":{"index":"index","follow":"follow","max-snippet":"max-snippet:-1","max-image-preview":"max-image-preview:large","max-video-preview":"max-video-preview:-1"},"canonical":"https:\/\/gym-fit.es\/it\/reglement-interieur\/","og_locale":"it_IT","og_type":"article","og_title":"Regole interne - Gym-Fit","og_description":"Insieme, manteniamo il club pulito e sano \u00c8 obbligatorio indossare scarpe sportive (pulite) e un abbigliamento sportivo adeguato. Posizionare l'asciugamano sull'attrezzatura che si sta utilizzando e poi, per l'igiene di tutti, pulire l'attrezzatura con i disinfettanti in dotazione. Nelle aree di allenamento non sono ammessi alimenti e contenitori non richiudibili. \u00c8 vietato fumare, usare e\/o [&hellip;]","og_url":"https:\/\/gym-fit.es\/it\/reglement-interieur\/","og_site_name":"Gym-Fit","article_modified_time":"2023-11-07T14:38:37+00:00","og_image":[{"width":591,"height":591,"url":"https:\/\/gym-fit.es\/wp-content\/uploads\/2023\/06\/logo-gym-fit.png","type":"image\/png"}],"twitter_card":"summary_large_image","twitter_misc":{"Tempo di lettura stimato":"3 minuti"},"schema":{"@context":"https:\/\/schema.org","@graph":[{"@type":"WebPage","@id":"https:\/\/gym-fit.es\/it\/reglement-interieur\/","url":"https:\/\/gym-fit.es\/it\/reglement-interieur\/","name":"Regole interne - Gym-Fit","isPartOf":{"@id":"https:\/\/gym-fit.es\/it\/#website"},"datePublished":"2023-10-19T10:03:35+00:00","dateModified":"2023-11-07T14:38:37+00:00","breadcrumb":{"@id":"https:\/\/gym-fit.es\/it\/reglement-interieur\/#breadcrumb"},"inLanguage":"it-IT","potentialAction":[{"@type":"ReadAction","target":["https:\/\/gym-fit.es\/it\/reglement-interieur\/"]}]},{"@type":"BreadcrumbList","@id":"https:\/\/gym-fit.es\/it\/reglement-interieur\/#breadcrumb","itemListElement":[{"@type":"ListItem","position":1,"name":"Accueil","item":"https:\/\/gym-fit.es\/it\/"},{"@type":"ListItem","position":2,"name":"Regole interne"}]},{"@type":"WebSite","@id":"https:\/\/gym-fit.es\/it\/#website","url":"https:\/\/gym-fit.es\/it\/","name":"Gym-Fit","description":"","publisher":{"@id":"https:\/\/gym-fit.es\/it\/#organization"},"potentialAction":[{"@type":"SearchAction","target":{"@type":"EntryPoint","urlTemplate":"https:\/\/gym-fit.es\/it\/?s={search_term_string}"},"query-input":{"@type":"PropertyValueSpecification","valueRequired":true,"valueName":"search_term_string"}}],"inLanguage":"it-IT"},{"@type":"Organization","@id":"https:\/\/gym-fit.es\/it\/#organization","name":"Gym-Fit","url":"https:\/\/gym-fit.es\/it\/","logo":{"@type":"ImageObject","inLanguage":"it-IT","@id":"https:\/\/gym-fit.es\/it\/#\/schema\/logo\/image\/","url":"https:\/\/gym-fit.es\/wp-content\/uploads\/2023\/06\/logo-gym-fit.png","contentUrl":"https:\/\/gym-fit.es\/wp-content\/uploads\/2023\/06\/logo-gym-fit.png","width":591,"height":591,"caption":"Gym-Fit"},"image":{"@id":"https:\/\/gym-fit.es\/it\/#\/schema\/logo\/image\/"}}]}},"_links":{"self":[{"href":"https:\/\/gym-fit.es\/it\/wp-json\/wp\/v2\/pages\/760","targetHints":{"allow":["GET"]}}],"collection":[{"href":"https:\/\/gym-fit.es\/it\/wp-json\/wp\/v2\/pages"}],"about":[{"href":"https:\/\/gym-fit.es\/it\/wp-json\/wp\/v2\/types\/page"}],"author":[{"embeddable":true,"href":"https:\/\/gym-fit.es\/it\/wp-json\/wp\/v2\/users\/2"}],"replies":[{"embeddable":true,"href":"https:\/\/gym-fit.es\/it\/wp-json\/wp\/v2\/comments?post=760"}],"version-history":[{"count":5,"href":"https:\/\/gym-fit.es\/it\/wp-json\/wp\/v2\/pages\/760\/revisions"}],"predecessor-version":[{"id":825,"href":"https:\/\/gym-fit.es\/it\/wp-json\/wp\/v2\/pages\/760\/revisions\/825"}],"wp:attachment":[{"href":"https:\/\/gym-fit.es\/it\/wp-json\/wp\/v2\/media?parent=760"}],"curies":[{"name":"wp","href":"https:\/\/api.w.org\/{rel}","templated":true}]}}